{"id":1075,"date":"2017-07-24T22:55:01","date_gmt":"2017-07-24T21:55:01","guid":{"rendered":"http:\/\/algeriart.com\/?page_id=1075"},"modified":"2017-07-24T22:55:01","modified_gmt":"2017-07-24T21:55:01","slug":"laureats-du-concours-de-photo-2017","status":"publish","type":"page","link":"https:\/\/algeriart.com\/fr\/laureats-du-concours-de-photo-2017\/","title":{"rendered":"Laur\u00e9ats du concours de photographie 2017"},"content":{"rendered":"<div class=\"wpb-content-wrapper\">[vc_row row_type=&#8221;row&#8221; text_align=&#8221;left&#8221; css_animation=&#8221;&#8221;][vc_column][vc_empty_space height=&#8221;80px&#8221;][vc_column_text]\n<h1 style=\"text-align: center;\"><strong>Concours de Photographie AlgeriART<\/strong><\/h1>\n[\/vc_column_text][vc_empty_space height=&#8221;36px&#8221;][vc_column_text]\n<h1 style=\"text-align: center;\"><strong>Les laur\u00e9ats<\/strong><\/h1>\n[\/vc_column_text][vc_empty_space][vc_column_text]\n<h3 style=\"text-align: center;\">Nous souhaitons f\u00e9liciter tous les participants pour le temps consacr\u00e9 \u00e0 ce concours, et pour leur travail de recherche et nous les encourageons \u00e0 poursuivre leurs efforts dans cette direction.<\/h3>\n[\/vc_column_text][vc_empty_space][\/vc_column][\/vc_row][vc_row row_type=&#8221;row&#8221; text_align=&#8221;left&#8221; css_animation=&#8221;&#8221;][vc_column width=&#8221;1\/3&#8243;][\/vc_column][vc_column width=&#8221;1\/3&#8243;][vc_empty_space]<a href=\"http:\/\/algeriart.com\/laureats-du-concours-de-photographie-2017-2eme-edition\/\" target=\"_self\" class=\"qbutton  center\" style=\"background-color: #000000; \">Laur\u00e9ats du Concours de Photographie 2017<\/a>[vc_empty_space]<a href=\"http:\/\/algeriart.com\/nos-concours-dart2\/2017-concours-de-photographie2\/laureats-du-concours-de-photographie-algeriart-2016\/\" target=\"_self\" class=\"qbutton  center\" style=\"background-color: #000000; \">Laur\u00e9ats du Concours de Photographie 2016<\/a>[vc_empty_space][\/vc_column][vc_column width=&#8221;1\/3&#8243;][\/vc_column][\/vc_row][vc_row row_type=&#8221;row&#8221; text_align=&#8221;left&#8221; css_animation=&#8221;&#8221;][vc_column][vc_empty_space][\/vc_column][\/vc_row]\n<\/div>","protected":false},"excerpt":{"rendered":"<p>[vc_row row_type=&#8221;row&#8221; text_align=&#8221;left&#8221; css_animation=&#8221;&#8221;][vc_column][vc_empty_space height=&#8221;80px&#8221;][vc_column_text] Concours de Photographie AlgeriART [\/vc_column_text][vc_empty_space height=&#8221;36px&#8221;][vc_column_text] Les laur\u00e9ats [\/vc_column_text][vc_empty_space][vc_column_text] Nous souhaitons f\u00e9liciter tous les participants pour le temps consacr\u00e9 \u00e0 ce concours, et pour leur travail de recherche et nous les encourageons \u00e0 poursuivre leurs efforts dans cette direction. [\/vc_column_text][vc_empty_space][\/vc_column][\/vc_row][vc_row&#8230;<\/p>\n","protected":false},"author":2,"featured_media":0,"parent":0,"menu_order":0,"comment_status":"closed","ping_status":"closed","template":"","meta":{"nf_dc_page":"","footnotes":""},"class_list":["post-1075","page","type-page","status-publish","hentry"],"_links":{"self":[{"href":"https:\/\/algeriart.com\/fr\/wp-json\/wp\/v2\/pages\/1075","targetHints":{"allow":["GET"]}}],"collection":[{"href":"https:\/\/algeriart.com\/fr\/wp-json\/wp\/v2\/pages"}],"about":[{"href":"https:\/\/algeriart.com\/fr\/wp-json\/wp\/v2\/types\/page"}],"author":[{"embeddable":true,"href":"https:\/\/algeriart.com\/fr\/wp-json\/wp\/v2\/users\/2"}],"replies":[{"embeddable":true,"href":"https:\/\/algeriart.com\/fr\/wp-json\/wp\/v2\/comments?post=1075"}],"version-history":[{"count":0,"href":"https:\/\/algeriart.com\/fr\/wp-json\/wp\/v2\/pages\/1075\/revisions"}],"wp:attachment":[{"href":"https:\/\/algeriart.com\/fr\/wp-json\/wp\/v2\/media?parent=1075"}],"curies":[{"name":"wp","href":"https:\/\/api.w.org\/{rel}","templated":true}]}}