{"id":1190,"date":"2016-01-31T22:43:52","date_gmt":"2016-01-31T21:43:52","guid":{"rendered":"http:\/\/algeriart.com\/?page_id=12"},"modified":"2016-01-31T22:43:52","modified_gmt":"2016-01-31T21:43:52","slug":"2017-concours-de-photographie2","status":"publish","type":"page","link":"https:\/\/algeriart.com\/fr\/nos-concours-dart2\/2017-concours-de-photographie2\/","title":{"rendered":"Concours de Photographie 2017"},"content":{"rendered":"<div class=\"wpb-content-wrapper\">[vc_row row_type=&#8221;row&#8221; text_align=&#8221;left&#8221; css_animation=&#8221;&#8221;][vc_column][vc_column_text]\n<h3 style=\"text-align: center;\">Le Concours de Photographie AlgeriArt 2017 vous est offert<\/h3>\n[\/vc_column_text][vc_empty_space height=&#8221;8px&#8221;][vc_column_text]\n<h3 style=\"text-align: center;\">en partenariat avec l&#8217;Ambassade de Suisse en Alg\u00e9rie<\/h3>\n[\/vc_column_text][vc_empty_space height=&#8221;16px&#8221;][vc_single_image image=&#8221;987&#8243; img_size=&#8221;full&#8221; alignment=&#8221;center&#8221;][vc_empty_space][vc_column_text]\n<h3 style=\"text-align: center;\">Le concours est \u00e0 pr\u00e9sent clos ! Merci \u00e0 tous les participants.<\/h3>\n[\/vc_column_text][vc_empty_space][vc_column_text]\n<div class=\"wpb_text_column wpb_content_element \">\n<div class=\"wpb_wrapper\">\n<h3 style=\"text-align: center;\">Les laur\u00e9ats seront annonc\u00e9s fin Juillet 2017.<\/h3>\n<\/div>\n<\/div>\n[\/vc_column_text][vc_empty_space][vc_separator type=&#8221;normal&#8221;][vc_column_text]\n<h4 style=\"text-align: center;\">Vous trouverez sur cette page tous les d\u00e9tails concernant le concours.<\/h4>\n[\/vc_column_text][vc_empty_space][\/vc_column][\/vc_row][vc_row row_type=&#8221;row&#8221; text_align=&#8221;left&#8221; css_animation=&#8221;&#8221;][vc_column][vc_empty_space][vc_text_separator title=&#8221;CATEGORIES DU CONCOURS&#8221; border=&#8221;no&#8221;][vc_empty_space][vc_column_text]\n<h5 style=\"text-align: center;\">Vous pouvez participer aux 2 cat\u00e9gories si vous le souhaitez.<\/h5>\n[\/vc_column_text][vc_empty_space][\/vc_column][\/vc_row][vc_row row_type=&#8221;row&#8221; text_align=&#8221;left&#8221; css_animation=&#8221;&#8221;][vc_column width=&#8221;1\/2&#8243;][vc_custom_heading text=&#8221;Cat\u00e9gorie Photo Unique &#8221; font_container=&#8221;tag:h3|text_align:right&#8221; use_theme_fonts=&#8221;yes&#8221;][vc_empty_space height=&#8221;22px&#8221;][vc_column_text]\n<h5 style=\"text-align: right;\">Th\u00e8me :<\/h5>\n<p style=\"text-align: right;\">Cette cat\u00e9gorie a pour th\u00e8me &#8220;Le pr\u00e9sent&#8221;<\/p>\n[\/vc_column_text][vc_empty_space][vc_column_text]\n<p style=\"text-align: right;\">Le pr\u00e9sent. L\u2019\u00eatre humain dans le monde actuel. \u00a0Une opportunit\u00e9 de partager votre regard sur ce que l\u2019\u00eatre humain travail \u00e0 construire ou les r\u00e9ponses qu\u2019il apporte aux d\u00e9fis de son \u00e9poque.<\/p>\n[\/vc_column_text][vc_empty_space][vc_column_text]\n<h5 style=\"text-align: right;\">Photos :<\/h5>\n<p style=\"text-align: right;\">Pour y participer, il faut envoyer une \u00e0 3 photos sur ce th\u00e8me. Voir les conditions plus bas.<\/p>\n[\/vc_column_text][vc_empty_space][vc_column_text]\n<h5 style=\"text-align: right;\">Participation :<\/h5>\n<p style=\"text-align: right;\">La participation se fait exclusivement en ligne et sur notre site web. Cliquez sur le bouton suivant pour participer \u00e0 l&#8217;une ou aux deux cat\u00e9gories.\u00a0Une seule candidature par cat\u00e9gorie est accept\u00e9e.<\/p>\n[\/vc_column_text][vc_empty_space][\/vc_column][vc_column width=&#8221;1\/2&#8243;][vc_custom_heading text=&#8221;Cat\u00e9gorie Reportage &#8221; font_container=&#8221;tag:h3|text_align:left&#8221; use_theme_fonts=&#8221;yes&#8221;][vc_empty_space height=&#8221;22px&#8221;][vc_column_text]\n<h5>Th\u00e8me :<\/h5>\n<p>Cette cat\u00e9gorie est \u00e0 th\u00e8me libre.[\/vc_column_text][vc_empty_space][vc_column_text]Vous pouvez envoyer une s\u00e9rie de photo sur le th\u00e8me de votre choix. Par exemple vous pouvez participer avec un reportage sur une ville, sur un m\u00e9tier ou sur un ph\u00e9nom\u00e8ne de soci\u00e9t\u00e9&#8230;etc. Le choix vous appartient.[\/vc_column_text][vc_empty_space][vc_column_text]\n<h5>Photos :<\/h5>\n<p>Pour y participer il faut envoyer une s\u00e9rie de 5 \u00e0 10 photos d&#8217;un m\u00eame th\u00e8me. Voir les conditions plus bas.[\/vc_column_text][vc_empty_space][vc_column_text]\n<h5 style=\"text-align: left;\">Participation :<\/h5>\n<p style=\"text-align: left;\">La participation se fait exclusivement en ligne et sur notre site web. Cliquez sur le bouton suivant pour participer \u00e0 l&#8217;une ou aux deux cat\u00e9gories.\u00a0Une seule candidature par cat\u00e9gorie est accept\u00e9e.<\/p>\n[\/vc_column_text][\/vc_column][\/vc_row][vc_row row_type=&#8221;row&#8221; text_align=&#8221;left&#8221; css_animation=&#8221;&#8221;][vc_column][\/vc_column][\/vc_row][vc_row row_type=&#8221;row&#8221; text_align=&#8221;center&#8221; css_animation=&#8221;&#8221;][vc_column width=&#8221;1\/4&#8243;][\/vc_column][vc_column width=&#8221;1\/4&#8243;]<a href=\"http:\/\/algeriart.com\/nos-concours-dart\/2017-concours-de-photographie\/participation-photo-unique\/\" target=\"_self\" class=\"qbutton  tiny center\" style=\"background-color: #000000; \">Participer : Photo Unique<\/a>[vc_empty_space][\/vc_column][vc_column width=&#8221;1\/4&#8243;]<a href=\"http:\/\/algeriart.com\/nos-concours-dart\/2017-concours-de-photographie\/participation-photo-reportage\/\" target=\"_self\" class=\"qbutton  tiny center\" style=\"background-color: #000000; \">Participer : Reportage <\/a>[\/vc_column][vc_column width=&#8221;1\/4&#8243;][\/vc_column][\/vc_row][vc_row row_type=&#8221;row&#8221; text_align=&#8221;left&#8221; css_animation=&#8221;&#8221;][vc_column][vc_empty_space height=&#8221;64px&#8221;][vc_text_separator title=&#8221;A PROPOS DU CONCOURS&#8221; border=&#8221;no&#8221;][vc_empty_space][vc_column_text]\n<h4 style=\"text-align: center;\">Veillez lire attentivement les d\u00e9tails et conditions de participation au concours.<br \/>\nVous trouverez toutes les informations n\u00e9cessaires dans les rubriques suivantes et dans le r\u00e8glement du concours.<\/h4>\n[\/vc_column_text][vc_empty_space][\/vc_column][\/vc_row][vc_row row_type=&#8221;row&#8221; text_align=&#8221;left&#8221; css_animation=&#8221;&#8221;][vc_column width=&#8221;1\/3&#8243;][vc_column_text]\n<h5 style=\"text-align: center;\">Ouverture :<\/h5>\n<p style=\"text-align: center;\">Samedi 15 Avril 2017<\/p>\n<p style=\"text-align: center;\">Heure : 18:00 GMT+1 (Heure locale en Alg\u00e9rie)<\/p>\n[\/vc_column_text][vc_empty_space][\/vc_column][vc_column width=&#8221;1\/3&#8243;][vc_column_text]\n<h5 style=\"text-align: center;\">Cl\u00f4ture :<\/h5>\n<p style=\"text-align: center;\"><del>Dimanche 18 Juin 2017<\/del><\/p>\n<p style=\"text-align: center;\">Samedi 24 Juin 2017<\/p>\n<p style=\"text-align: center;\">Heure : 23:59 GMT+1 (Heure locale en Alg\u00e9rie)<\/p>\n[\/vc_column_text][vc_empty_space][\/vc_column][vc_column width=&#8221;1\/3&#8243;][vc_column_text]\n<h5 style=\"text-align: center;\">Tarif :<\/h5>\n<p style=\"text-align: center;\">La participation est gratuite.<\/p>\n<p style=\"text-align: center;\">Vous aurez juste besoins d&#8217;une connexion internet.<\/p>\n[\/vc_column_text][vc_empty_space][\/vc_column][\/vc_row][vc_row row_type=&#8221;row&#8221; text_align=&#8221;left&#8221; css_animation=&#8221;&#8221;][vc_column][vc_empty_space][vc_column_text]<span style=\"color: #000000;\"><strong>Date de prise de vue<\/strong> <\/span>: Les photos peuvent avoir \u00e9t\u00e9 prises \u00e0 des p\u00e9riodes diff\u00e9rentes mais doivent \u00eatre du m\u00eame auteur.[\/vc_column_text][vc_empty_space][vc_column_text]<span style=\"color: #000000;\"><strong>Format\/Dimension\/R\u00e9solution<\/strong><\/span>: Les photos doivent \u00eatre envoy\u00e9es au format jpg, jpeg \/ minimum 100 dpi \/ maximum 1MB. Apr\u00e8s d\u00e9lib\u00e9ration, les photos r\u00e9compens\u00e9es devront \u00eatre transmises en meilleure qualit\u00e9 ou au format original.[\/vc_column_text][vc_empty_space][vc_column_text]<span style=\"color: #000000;\"><strong>\u00c9ligibilit\u00e9<\/strong> <\/span>: Peuvent participer \u00e0 nos concours tous les citoyens Alg\u00e9riens \u00e0 travers le monde ainsi que les r\u00e9sidents \u00e9trangers en Alg\u00e9rie. Les participants s&#8217;engagent \u00e0 d\u00e9tenir les droits d&#8217;auteur et d&#8217;utilisation des photos qu&#8217;ils soumettent. Voir notre <a href=\"http:\/\/algeriart.com\/nos-concours-dart\/2016-concours-photo-algeriart\/reglement-du-concours-photo2\/\">r\u00e8glement du concours<\/a>.[\/vc_column_text][vc_empty_space][vc_column_text]<span style=\"color: #000000;\"><strong>Age :<\/strong><\/span> plus de 18 ans.[\/vc_column_text][vc_empty_space][vc_column_text]<span style=\"color: #000000;\"><strong>R\u00e8glement<\/strong> <\/span>: Veuillez lire attentivement le r\u00e8glement en cliquant sur <a href=\"http:\/\/algeriart.com\/nos-concours-dart\/2017-concours-de-photographie\/reglement-du-concours-photo2\/\">R\u00e8glement du concours de photographie 2017<\/a>.[\/vc_column_text][vc_empty_space][vc_column_text]<span style=\"color: #000000;\"><strong>Apr\u00e8s le concours <\/strong><\/span>: Lorsque le palmar\u00e8s est rendu, nous contacterons chaque laur\u00e9at par email et nous publierons les r\u00e9sultat du concours sur notre site et nos m\u00e9dias.[\/vc_column_text][vc_empty_space][vc_column_text]\n<h4 style=\"text-align: center;\">Les images gagnantes ne seront utilis\u00e9es que dans le cadre du concours et de sa promotion, et porterons les noms de leurs auteurs.<\/h4>\n[\/vc_column_text][vc_empty_space][\/vc_column][\/vc_row][vc_row row_type=&#8221;row&#8221; text_align=&#8221;left&#8221; css_animation=&#8221;&#8221;][vc_column][vc_empty_space height=&#8221;64px&#8221;][vc_text_separator title=&#8221;LES RECOMPENSES&#8221; border=&#8221;no&#8221;][vc_empty_space height=&#8221;64px&#8221;][\/vc_column][\/vc_row][vc_row row_type=&#8221;row&#8221; text_align=&#8221;left&#8221; css_animation=&#8221;&#8221;][vc_column width=&#8221;1\/2&#8243;][vc_column_text]\n<h3 style=\"text-align: center;\">Cat\u00e9gorie Photo Unique<\/h3>\n[\/vc_column_text][vc_empty_space][vc_column_text]\n<h4 style=\"text-align: center;\">1er Prix<\/h4>\n[\/vc_column_text][vc_empty_space]<div class='q_list circle'>\n<ul>\n<li style=\"text-align: left;\">Impression et exposition des \u0153uvres prim\u00e9es en Alg\u00e9rie.<\/li>\n<li style=\"text-align: left;\">Un Site Web personnel pour les 2 gagnants en fran\u00e7ais et en anglais avec h\u00e9bergement et DNS offert pour la premi\u00e8re ann\u00e9e. D\u2019une valeur de 60.000 DZD.<\/li>\n<li style=\"text-align: left;\">Une exposition et m\u00e9diatisation sur la galerie web d&#8217;AlgeriART \u00e0 la fin de l\u2019\u00e9dition.<\/li>\n<li style=\"text-align: left;\">Un livre sur la photographie.<\/li>\n<li style=\"text-align: left;\">Troph\u00e9e et certificat.<\/li>\n<\/ul>\n<\/div>[vc_empty_space][\/vc_column][vc_column width=&#8221;1\/2&#8243;][vc_column_text]\n<h3 style=\"text-align: center;\">Cat\u00e9gorie Reportage<\/h3>\n[\/vc_column_text][vc_empty_space][vc_column_text]\n<h4 style=\"text-align: center;\">1er Prix<\/h4>\n[\/vc_column_text][vc_empty_space]<div class='q_list circle'>\n<ul>\n<li>Impression et exposition des \u0153uvres prim\u00e9es en Alg\u00e9rie.<\/li>\n<li>Un Site Web personnel pour les 2 gagnants en fran\u00e7ais et en anglais avec h\u00e9bergement et DNS offert pour la premi\u00e8re ann\u00e9e d\u2019une valeur de 60.000 DZD.<\/li>\n<li>Une opportunit\u00e9 de travail r\u00e9mun\u00e9r\u00e9 en Alg\u00e9rie destin\u00e9 \u00e0 consolider le portfolio du gagnant\u00a0de la cat\u00e9gorie Reportage &#8211; offerte par l&#8217;agence CapsaVision.<\/li>\n<li>Une exposition et m\u00e9diatisation sur la galerie web d&#8217;AlgeriART \u00e0 la fin de l\u2019\u00e9dition.<\/li>\n<li>Un livre sur la photographie.<\/li>\n<li>Troph\u00e9e et certificat.<\/li>\n<\/ul>\n<\/div>[vc_empty_space][\/vc_column][\/vc_row][vc_row row_type=&#8221;row&#8221; text_align=&#8221;left&#8221; css_animation=&#8221;&#8221;][vc_column width=&#8221;1\/2&#8243;][vc_column_text]\n<h4 style=\"text-align: center;\">Prix de la 2eme et 3eme position<\/h4>\n[\/vc_column_text][vc_empty_space]<div class='q_list circle'>\n<ul>\n<li>Impression et exposition des \u0153uvres prim\u00e9es en Alg\u00e9rie.<\/li>\n<li>Exposition et m\u00e9diatisation sur la galerie web d&#8217;AlgeriART \u00e0 la fin de l\u2019\u00e9dition.<\/li>\n<li>Un livre sur la photographie.<\/li>\n<li>Troph\u00e9e et certificat.<\/li>\n<\/ul>\n<\/div>[\/vc_column][vc_column width=&#8221;1\/2&#8243;][vc_column_text]\n<h4 style=\"text-align: center;\">Prix de la 2eme et 3eme position<\/h4>\n[\/vc_column_text][vc_empty_space]<div class='q_list circle'>\n<ul>\n<li>Impression et exposition des \u0153uvres prim\u00e9es en Alg\u00e9rie.<\/li>\n<li>Exposition et m\u00e9diatisation sur la galerie web d&#8217;AlgeriART \u00e0 la fin de l\u2019\u00e9dition.<\/li>\n<li>Un livre sur la photographie.<\/li>\n<li>Troph\u00e9e et certificat.<\/li>\n<\/ul>\n<\/div>[\/vc_column][\/vc_row][vc_row row_type=&#8221;row&#8221; text_align=&#8221;left&#8221; css_animation=&#8221;&#8221;][vc_column][vc_empty_space height=&#8221;64px&#8221;][vc_text_separator title=&#8221;LE JURY&#8221; border=&#8221;no&#8221;][vc_empty_space height=&#8221;64px&#8221;][\/vc_column][\/vc_row][vc_row row_type=&#8221;row&#8221; text_align=&#8221;left&#8221; css_animation=&#8221;&#8221;][vc_column][vc_column_text]\n<h4 style=\"text-align: center;\">Pour l&#8217;\u00e9lection des gagnants AlgeriART est fier de s\u2019\u00eatre entour\u00e9 de professionnels de la photographie.<\/h4>\n[\/vc_column_text][vc_empty_space height=&#8221;22px&#8221;][vc_column_text]\n<p style=\"text-align: center;\">Leurs diff\u00e9rents parcours et leur expertise nous enrichie par leurs diff\u00e9rentes sensibilit\u00e9s et contribue \u00e0 assurer un traitement professionnel et \u00e9quitable aux candidatures et aux diff\u00e9rents styles et regards qui nous seront pr\u00e9sent\u00e9s lors de cette \u00e9dition.<\/p>\n[\/vc_column_text][vc_empty_space height=&#8221;22px&#8221;][\/vc_column][\/vc_row][vc_row row_type=&#8221;row&#8221; text_align=&#8221;left&#8221; css_animation=&#8221;&#8221;][vc_column width=&#8221;1\/3&#8243;][vc_column_text]\n<h4><a href=\"http:\/\/ammarbouras.com\">Ammar BOURAS<\/a><\/h4>\n<p>Artiste plasticien et infographe<\/p>\n<p>Pr\u00e9sident d&#8217;honneur du Jury 2017[\/vc_column_text][\/vc_column][vc_column width=&#8221;1\/3&#8243;][vc_column_text]\n<h4>Nasser Medjkane<\/h4>\n<p>Photographe-reporter,<\/p>\n<p>et directeur de photographie.[\/vc_column_text][\/vc_column][vc_column width=&#8221;1\/3&#8243;][vc_column_text]\n<h4>Michael Haedner<\/h4>\n<p>Directeur de photographie<\/p>\n<p>et intervenant \u00e0 La F\u00e9mis.[\/vc_column_text][vc_empty_space][\/vc_column][\/vc_row][vc_row row_type=&#8221;row&#8221; text_align=&#8221;left&#8221; css_animation=&#8221;&#8221;][vc_column][vc_empty_space height=&#8221;64px&#8221;][vc_text_separator title=&#8221;PARTICIPATION \/ INSCRIPTION&#8221; border=&#8221;no&#8221;][vc_empty_space height=&#8221;64px&#8221;][\/vc_column][\/vc_row][vc_row row_type=&#8221;row&#8221; text_align=&#8221;left&#8221; css_animation=&#8221;&#8221;][vc_column][vc_column_text]\n<h3 style=\"text-align: center;\">Pour participer au concours<\/h3>\n<h3 style=\"text-align: center;\">lisez le <a href=\"http:\/\/algeriart.com\/nos-concours-dart\/2017-concours-de-photographie\/reglement-du-concours-photo2\/\">r\u00e8glement <\/a>puis choisissez une cat\u00e9gorie en cliquant sur :<\/h3>\n[\/vc_column_text][vc_empty_space][\/vc_column][\/vc_row][vc_row row_type=&#8221;row&#8221; text_align=&#8221;center&#8221; css_animation=&#8221;&#8221;][vc_column width=&#8221;1\/4&#8243;][\/vc_column][vc_column width=&#8221;1\/4&#8243;]<a href=\"http:\/\/algeriart.com\/nos-concours-dart\/2017-concours-de-photographie\/participation-photo-unique\/\" target=\"_self\" class=\"qbutton  tiny center\" style=\"background-color: #000000; \">Participer : Photo Unique<\/a>[vc_empty_space][\/vc_column][vc_column width=&#8221;1\/4&#8243;]<a href=\"http:\/\/algeriart.com\/nos-concours-dart\/2017-concours-de-photographie\/participation-photo-reportage\/\" target=\"_self\" class=\"qbutton  tiny center\" style=\"background-color: #000000; \">Participer : Reportage Photo<\/a>[\/vc_column][vc_column width=&#8221;1\/4&#8243;][\/vc_column][\/vc_row][vc_row row_type=&#8221;row&#8221; text_align=&#8221;left&#8221; css_animation=&#8221;&#8221;][vc_column][vc_empty_space][vc_column_text]\n<h4 style=\"text-align: center;\">Vous pouvez participer aux 2 cat\u00e9gories si vous le souhaitez.<\/h4>\n[\/vc_column_text][vc_empty_space height=&#8221;64px&#8221;][vc_column_text]Pour toute information compl\u00e9mentaire, veillez nous contacter \u00e0 travers la page <a href=\"http:\/\/algeriart.com\/contact\/\">Contact<\/a>.[\/vc_column_text][vc_empty_space height=&#8221;64px&#8221;][\/vc_column][\/vc_row][vc_row row_type=&#8221;row&#8221; text_align=&#8221;left&#8221; css_animation=&#8221;&#8221;][vc_column width=&#8221;1\/4&#8243;][\/vc_column][vc_column width=&#8221;1\/4&#8243;][\/vc_column][vc_column width=&#8221;1\/4&#8243;][\/vc_column][vc_column width=&#8221;1\/4&#8243;]<span class='q_social_icon_holder'><a href='https:\/\/www.youtube.com\/algeriart' target='_self'><span class='fa-stack fa-lg'><i class='fa '><\/i><\/span><\/a><\/span><span class='q_social_icon_holder'><a href='https:\/\/www.facebook.com\/AlgeriART\/' target='_self'><span class='fa-stack fa-lg'><i class='fa fa-facebook'><\/i><\/span><\/a><\/span><span class='q_social_icon_holder'><a href='https:\/\/plus.google.com\/+Algeriart' target='_self'><span class='fa-stack fa-lg'><i class='fa fa-google-plus'><\/i><\/span><\/a><\/span><span class='q_social_icon_holder'><a href='https:\/\/twitter.com\/AlgeriArt' target='_self'><span class='fa-stack fa-lg'><i class='fa fa-twitter'><\/i><\/span><\/a><\/span>[\/vc_column][\/vc_row][vc_row row_type=&#8221;row&#8221; text_align=&#8221;left&#8221; css_animation=&#8221;&#8221;][vc_column][vc_empty_space][\/vc_column][\/vc_row]\n<\/div>","protected":false},"excerpt":{"rendered":"<p>[vc_row row_type=&#8221;row&#8221; text_align=&#8221;left&#8221; css_animation=&#8221;&#8221;][vc_column][vc_column_text] Le Concours de Photographie AlgeriArt 2017 vous est offert [\/vc_column_text][vc_empty_space height=&#8221;8px&#8221;][vc_column_text] en partenariat avec l&#8217;Ambassade de Suisse en Alg\u00e9rie [\/vc_column_text][vc_empty_space height=&#8221;16px&#8221;][vc_single_image image=&#8221;987&#8243; img_size=&#8221;full&#8221; alignment=&#8221;center&#8221;][vc_empty_space][vc_column_text] Le concours est \u00e0 pr\u00e9sent clos ! Merci \u00e0 tous les participants. [\/vc_column_text][vc_empty_space][vc_column_text] Les laur\u00e9ats seront annonc\u00e9s&#8230;<\/p>\n","protected":false},"author":2,"featured_media":0,"parent":170,"menu_order":2,"comment_status":"closed","ping_status":"closed","template":"","meta":{"nf_dc_page":"","footnotes":""},"class_list":["post-1190","page","type-page","status-publish","hentry"],"_links":{"self":[{"href":"https:\/\/algeriart.com\/fr\/wp-json\/wp\/v2\/pages\/1190","targetHints":{"allow":["GET"]}}],"collection":[{"href":"https:\/\/algeriart.com\/fr\/wp-json\/wp\/v2\/pages"}],"about":[{"href":"https:\/\/algeriart.com\/fr\/wp-json\/wp\/v2\/types\/page"}],"author":[{"embeddable":true,"href":"https:\/\/algeriart.com\/fr\/wp-json\/wp\/v2\/users\/2"}],"replies":[{"embeddable":true,"href":"https:\/\/algeriart.com\/fr\/wp-json\/wp\/v2\/comments?post=1190"}],"version-history":[{"count":0,"href":"https:\/\/algeriart.com\/fr\/wp-json\/wp\/v2\/pages\/1190\/revisions"}],"up":[{"embeddable":true,"href":"https:\/\/algeriart.com\/fr\/wp-json\/wp\/v2\/pages\/170"}],"wp:attachment":[{"href":"https:\/\/algeriart.com\/fr\/wp-json\/wp\/v2\/media?parent=1190"}],"curies":[{"name":"wp","href":"https:\/\/api.w.org\/{rel}","templated":true}]}}