{"id":170,"date":"2016-04-26T12:22:18","date_gmt":"2016-04-26T11:22:18","guid":{"rendered":"http:\/\/algeriart.com\/?page_id=170"},"modified":"2016-04-26T12:22:18","modified_gmt":"2016-04-26T11:22:18","slug":"nos-concours-dart2","status":"publish","type":"page","link":"https:\/\/algeriart.com\/fr\/nos-concours-dart2\/","title":{"rendered":"Nos concours d&#8217;Art"},"content":{"rendered":"<div class=\"wpb-content-wrapper\">[vc_row row_type=&#8221;row&#8221; text_align=&#8221;left&#8221; css_animation=&#8221;&#8221;][vc_column][vc_column_text]\n<h3 style=\"text-align: center;\">Deux concours de photographie ont \u00e9t\u00e9 organis\u00e9s \u00e0 l&#8217;\u00e9chelle nationale en 2016 et en 2017.<\/h3>\n[\/vc_column_text][vc_empty_space][vc_column_text]\n<h4 style=\"text-align: center;\">Artistes, photographes professionnels, volontaires, entreprises alg\u00e9riennes et passionn\u00e9s d&#8217;art se sont joint \u00e0 cette aventure.<\/h4>\n[\/vc_column_text][vc_empty_space][vc_column_text]\n<h4 style=\"text-align: center;\">AlgeriART est le succ\u00e8s d&#8217;un travail d&#8217;\u00e9quipe pour soutenir la cr\u00e9ativit\u00e9. Merci \u00e0 tous.<\/h4>\n[\/vc_column_text][\/vc_column][\/vc_row][vc_row row_type=&#8221;row&#8221; text_align=&#8221;left&#8221; css_animation=&#8221;&#8221;][vc_column width=&#8221;1\/3&#8243;]<a href=\"http:\/\/algeriart.com\/nos-concours-dart2\/2017-concours-de-photographie2\/\" target=\"_self\" class=\"qbutton  center\" style=\"\">Concours de Photographie<\/a>[\/vc_column][vc_column width=&#8221;1\/3&#8243;]<a href=\"http:\/\/algeriart.com\/nos-concours-dart2\/2017-concours-de-photographie2\/reglement-du-concours-photo2\/\" target=\"_self\" class=\"qbutton  center\" style=\"\">R\u00e8glement du Concours<\/a>[\/vc_column][vc_column width=&#8221;1\/3&#8243;]<a href=\"http:\/\/algeriart.com\/laureats-du-concours-de-photo-2017\/\" target=\"_self\" class=\"qbutton  center\" style=\"\">Laur\u00e9ats 2016 et 2017<\/a>[\/vc_column][\/vc_row][vc_row row_type=&#8221;row&#8221; text_align=&#8221;left&#8221; css_animation=&#8221;&#8221;][vc_column][vc_empty_space][vc_column_text]\n<p style=\"text-align: center;\"><strong><em>Nous esp\u00e9reront pouvoir organiser d&#8217;autres concours dans le futur. Nous l&#8217;annoncerons et le communiquerons \u00e0 travers le site internet les r\u00e9seaux sociaux et la newsletter.<br \/>\n<\/em><\/strong><\/p>\n[\/vc_column_text][vc_empty_space height=&#8221;64px&#8221;][\/vc_column][\/vc_row][vc_row row_type=&#8221;row&#8221; text_align=&#8221;left&#8221; css_animation=&#8221;&#8221;][vc_column width=&#8221;1\/4&#8243;][vc_empty_space][\/vc_column][vc_column width=&#8221;1\/4&#8243;][\/vc_column][vc_column width=&#8221;1\/4&#8243;][\/vc_column][vc_column width=&#8221;1\/4&#8243;]<span class='q_social_icon_holder'><a href='https:\/\/www.youtube.com\/algeriart' target='_self'><span class='fa-stack fa-lg'><i class='fa '><\/i><\/span><\/a><\/span><span class='q_social_icon_holder'><a href='https:\/\/www.facebook.com\/AlgeriART\/' target='_self'><span class='fa-stack fa-lg'><i class='fa fa-facebook'><\/i><\/span><\/a><\/span><span class='q_social_icon_holder'><a href='https:\/\/plus.google.com\/+Algeriart' target='_self'><span class='fa-stack fa-lg'><i class='fa fa-google-plus'><\/i><\/span><\/a><\/span><span class='q_social_icon_holder'><a href='https:\/\/twitter.com\/AlgeriArt' target='_self'><span class='fa-stack fa-lg'><i class='fa fa-twitter'><\/i><\/span><\/a><\/span>[\/vc_column][\/vc_row][vc_row row_type=&#8221;row&#8221; text_align=&#8221;left&#8221; css_animation=&#8221;&#8221;][vc_column][vc_empty_space][\/vc_column][\/vc_row]\n<\/div>","protected":false},"excerpt":{"rendered":"<p>[vc_row row_type=&#8221;row&#8221; text_align=&#8221;left&#8221; css_animation=&#8221;&#8221;][vc_column][vc_column_text] Deux concours de photographie ont \u00e9t\u00e9 organis\u00e9s \u00e0 l&#8217;\u00e9chelle nationale en 2016 et en 2017. [\/vc_column_text][vc_empty_space][vc_column_text] Artistes, photographes professionnels, volontaires, entreprises alg\u00e9riennes et passionn\u00e9s d&#8217;art se sont joint \u00e0 cette aventure. [\/vc_column_text][vc_empty_space][vc_column_text] AlgeriART est le succ\u00e8s d&#8217;un travail d&#8217;\u00e9quipe pour soutenir&#8230;<\/p>\n","protected":false},"author":2,"featured_media":0,"parent":0,"menu_order":2,"comment_status":"closed","ping_status":"closed","template":"","meta":{"nf_dc_page":"","footnotes":""},"class_list":["post-170","page","type-page","status-publish","hentry"],"_links":{"self":[{"href":"https:\/\/algeriart.com\/fr\/wp-json\/wp\/v2\/pages\/170","targetHints":{"allow":["GET"]}}],"collection":[{"href":"https:\/\/algeriart.com\/fr\/wp-json\/wp\/v2\/pages"}],"about":[{"href":"https:\/\/algeriart.com\/fr\/wp-json\/wp\/v2\/types\/page"}],"author":[{"embeddable":true,"href":"https:\/\/algeriart.com\/fr\/wp-json\/wp\/v2\/users\/2"}],"replies":[{"embeddable":true,"href":"https:\/\/algeriart.com\/fr\/wp-json\/wp\/v2\/comments?post=170"}],"version-history":[{"count":0,"href":"https:\/\/algeriart.com\/fr\/wp-json\/wp\/v2\/pages\/170\/revisions"}],"wp:attachment":[{"href":"https:\/\/algeriart.com\/fr\/wp-json\/wp\/v2\/media?parent=170"}],"curies":[{"name":"wp","href":"https:\/\/api.w.org\/{rel}","templated":true}]}}