{"id":290,"date":"2016-05-07T19:49:56","date_gmt":"2016-05-07T18:49:56","guid":{"rendered":"http:\/\/algeriart.com\/?page_id=290"},"modified":"2016-05-07T19:49:56","modified_gmt":"2016-05-07T18:49:56","slug":"a-propos","status":"publish","type":"page","link":"https:\/\/algeriart.com\/fr\/a-propos\/","title":{"rendered":"A propos"},"content":{"rendered":"<div class=\"wpb-content-wrapper\">[vc_row row_type=&#8221;row&#8221; text_align=&#8221;left&#8221; css_animation=&#8221;&#8221;][vc_column][vc_column_text]\n<h3 style=\"text-align: center;\">AlgeriArt est une plateforme de concours d&#8217;art qui a \u00e9t\u00e9 mise en place gr\u00e2ce au travail acharn\u00e9 de volontaires et sp\u00e9cialistes de domaines d&#8217;activit\u00e9s cl\u00e9s et compl\u00e9mentaires.<\/h3>\n[\/vc_column_text][vc_empty_space][vc_column_text]\n<h4 style=\"text-align: center;\">A l&#8217;initiative de madame Samia Bestandji et avec le soutien de partenaires notamment l&#8217;agence CapsaVision, cette plateforme s&#8217;est d\u00e9velopp\u00e9e avec pour objectif d&#8217;encourager et de soutenir la cr\u00e9ativit\u00e9 et les m\u00e9tiers li\u00e9s \u00e0 l\u2019art dans ses diff\u00e9rentes disciplines en cr\u00e9ant des activit\u00e9s et des espaces de collaboration entre professionnels et passionn\u00e9s de l&#8217;art.<\/h4>\n[\/vc_column_text][vc_column_text]\n<h4 style=\"text-align: center;\">AlgeriART a pu exister et se maintien gr\u00e2ce au soutien d&#8217;entreprise partenaires et \u00e0 la participation de volontaires.<\/h4>\n[\/vc_column_text][vc_separator type=&#8221;normal&#8221;][vc_empty_space][\/vc_column][vc_column width=&#8221;1\/3&#8243;][vc_column_text]\n<h3>Vision<\/h3>\n<p>Nous croyons que la reconnaissance des talents et des comp\u00e9tences pourra contribuer \u00e0 une plus forte reconnaissance du statut des artistes et des m\u00e9tiers li\u00e9s \u00e0 l\u2019Art.<\/p>\n<p>Par ailleurs, nous aspirons \u00e0\u00a0constituer \u00e0 travers nos activit\u00e9s un soutien suppl\u00e9mentaire en mati\u00e8re de promotion et de visibilit\u00e9 de la cr\u00e9ativit\u00e9 sur la sc\u00e8ne artistique Alg\u00e9rienne et internationale.[\/vc_column_text][\/vc_column][vc_column width=&#8221;1\/3&#8243;][vc_column_text]\n<h3>Objectif<\/h3>\n<p>Offrir aux artistes la visibilit\u00e9 qui leur manque sur la sc\u00e8ne Alg\u00e9rienne et internationale, et servir de passerelle suppl\u00e9mentaire entre eux et les professionnels du domaine et les amateurs d&#8217;art.<\/p>\n<p>Pour cela AlgeriART a r\u00e9alis\u00e9 des concours d&#8217;art pour d\u00e9couvrir, r\u00e9compenser et faire d\u00e9couvrir au monde ces artistes et ces \u0153uvres exceptionnels qui parfois peinent \u00e0 se faire reconna\u00eetre.[\/vc_column_text][\/vc_column][vc_column width=&#8221;1\/3&#8243;][vc_column_text]\n<h3>Mission<\/h3>\n<p>La mission de la plateforme AlgeriART est de soutenir la cr\u00e9ativit\u00e9 et les talents dans l&#8217;art.<\/p>\n<p>Pour se faire nos projets ont diff\u00e9rents objectifs et missions et permettent de d\u00e9couvrir des talents et de les r\u00e9compenser, de soutenir la\u00a0 cr\u00e9ation artistique ou de soutenir les artistes dans leur carri\u00e8re professionnelle.[\/vc_column_text][\/vc_column][vc_column][vc_empty_space][vc_column_text]\n<h3>Nos valeurs<\/h3>\n<p>Nous croyons que tout projet humain a besoins de se construire sur des bases solides de respect mutuel, d\u2019int\u00e9grit\u00e9 et d\u2019impartialit\u00e9. Des valeurs qui nous motivent et qui nous guide dans la r\u00e9alisation de notre projet.[\/vc_column_text][vc_empty_space][vc_column_text]Plus d\u2019information au sujet des concours ouverts bient\u00f4t sur la page Nos Concours d\u2019Art.[\/vc_column_text][vc_empty_space][\/vc_column][\/vc_row][vc_row row_type=&#8221;row&#8221; text_align=&#8221;left&#8221; css_animation=&#8221;&#8221;][vc_column width=&#8221;1\/4&#8243;][\/vc_column][vc_column width=&#8221;1\/4&#8243;][\/vc_column][vc_column width=&#8221;1\/4&#8243;][\/vc_column][vc_column width=&#8221;1\/4&#8243;]<span class='q_social_icon_holder'><a href='https:\/\/www.youtube.com\/algeriart' target='_self'><span class='fa-stack fa-lg'><i class='fa fa-youtube'><\/i><\/span><\/a><\/span><span class='q_social_icon_holder'><a href='https:\/\/www.facebook.com\/AlgeriART\/' target='_self'><span class='fa-stack fa-lg'><i class='fa fa-facebook'><\/i><\/span><\/a><\/span><span class='q_social_icon_holder'><a href='https:\/\/plus.google.com\/+Algeriart' target='_self'><span class='fa-stack fa-lg'><i class='fa fa-google-plus'><\/i><\/span><\/a><\/span><span class='q_social_icon_holder'><a href='https:\/\/twitter.com\/AlgeriArt' target='_self'><span class='fa-stack fa-lg'><i class='fa fa-twitter'><\/i><\/span><\/a><\/span>[\/vc_column][\/vc_row][vc_row row_type=&#8221;row&#8221; text_align=&#8221;left&#8221; css_animation=&#8221;&#8221;][vc_column][vc_empty_space][\/vc_column][\/vc_row]\n<\/div>","protected":false},"excerpt":{"rendered":"<p>[vc_row row_type=&#8221;row&#8221; text_align=&#8221;left&#8221; css_animation=&#8221;&#8221;][vc_column][vc_column_text] AlgeriArt est une plateforme de concours d&#8217;art qui a \u00e9t\u00e9 mise en place gr\u00e2ce au travail acharn\u00e9 de volontaires et sp\u00e9cialistes de domaines d&#8217;activit\u00e9s cl\u00e9s et compl\u00e9mentaires. [\/vc_column_text][vc_empty_space][vc_column_text] A l&#8217;initiative de madame Samia Bestandji et avec le soutien de partenaires notamment&#8230;<\/p>\n","protected":false},"author":1,"featured_media":0,"parent":0,"menu_order":2,"comment_status":"closed","ping_status":"closed","template":"","meta":{"nf_dc_page":"","footnotes":""},"class_list":["post-290","page","type-page","status-publish","hentry"],"_links":{"self":[{"href":"https:\/\/algeriart.com\/fr\/wp-json\/wp\/v2\/pages\/290","targetHints":{"allow":["GET"]}}],"collection":[{"href":"https:\/\/algeriart.com\/fr\/wp-json\/wp\/v2\/pages"}],"about":[{"href":"https:\/\/algeriart.com\/fr\/wp-json\/wp\/v2\/types\/page"}],"author":[{"embeddable":true,"href":"https:\/\/algeriart.com\/fr\/wp-json\/wp\/v2\/users\/1"}],"replies":[{"embeddable":true,"href":"https:\/\/algeriart.com\/fr\/wp-json\/wp\/v2\/comments?post=290"}],"version-history":[{"count":0,"href":"https:\/\/algeriart.com\/fr\/wp-json\/wp\/v2\/pages\/290\/revisions"}],"wp:attachment":[{"href":"https:\/\/algeriart.com\/fr\/wp-json\/wp\/v2\/media?parent=290"}],"curies":[{"name":"wp","href":"https:\/\/api.w.org\/{rel}","templated":true}]}}