{"id":327,"date":"2016-05-08T00:33:20","date_gmt":"2016-05-07T23:33:20","guid":{"rendered":"http:\/\/algeriart.com\/?page_id=327"},"modified":"2020-08-22T17:36:36","modified_gmt":"2020-08-22T17:36:36","slug":"accueil","status":"publish","type":"page","link":"https:\/\/algeriart.com\/fr\/","title":{"rendered":"Accueil1"},"content":{"rendered":"<div class=\"wpb-content-wrapper\">[vc_row row_type=&#8221;row&#8221; text_align=&#8221;left&#8221; css_animation=&#8221;&#8221;][vc_column][vc_column_text]\n<h1 style=\"text-align: center;\"><em>D\u00e9couvrir, r\u00e9compenser et encourager la cr\u00e9ation artistique.<\/em><\/h1>\n[\/vc_column_text][vc_separator type=&#8221;small&#8221; position=&#8221;center&#8221;][\/vc_column][\/vc_row][vc_row row_type=&#8221;row&#8221; text_align=&#8221;left&#8221; css_animation=&#8221;&#8221;][vc_column width=&#8221;2\/3&#8243;][vc_empty_space][vc_column_text]\n<h3 style=\"text-align: center;\">L&#8217;histoire de nos concours de photographie organis\u00e9s au niveau national et international (2016-2017).<\/h3>\n[\/vc_column_text][vc_empty_space height=&#8221;16px&#8221;][vc_column_text]\n<h4 style=\"text-align: center;\">Artistes, amateurs passionn\u00e9s ou photographes professionnels&#8230; Des candidats passionn\u00e9es et passionnants de tout age et de diverses r\u00e9gions ont candidat\u00e9 aux concours.<\/h4>\n[\/vc_column_text][vc_empty_space height=&#8221;16px&#8221;][vc_column_text]\n<h4 style=\"text-align: center;\">Le jury de chaque \u00e9dition s&#8217;est r\u00e9uni \u00e0 Alger pour d\u00e9lib\u00e9rer sur les candidatures rendues totalement anonymes pour la d\u00e9lib\u00e9ration. Apr\u00e8s trois jours de discussions et de d\u00e9bats sans rel\u00e2che sur des reportages et candidatures aussi cr\u00e9atives qu&#8217;inspirantes le jury s&#8217;est prononc\u00e9.<br \/>\nD\u00e9couvrez leurs interviews sur cette page et sur notre <a href=\"https:\/\/www.youtube.com\/algeriart\">chaine Youtube<\/a>.<\/h4>\n[\/vc_column_text][vc_empty_space height=&#8221;16px&#8221;][vc_column_text]\n<h4 style=\"text-align: center;\">Annoncer aux laur\u00e9ats leur s\u00e9lection est un bonheur en soit et fait bien des heureux malgr\u00e9 les d\u00e9ceptions pour beaucoup d&#8217;autres que nous esp\u00e9rons seront transform\u00e9es en force et d\u00e9termination.<\/h4>\n[\/vc_column_text][vc_empty_space height=&#8221;16px&#8221;][vc_column_text]\n<h4 style=\"text-align: center;\">En 2017 l&#8217;annonce des laur\u00e9ats s&#8217;est faite en exclusivit\u00e9 sur El Watan Week-end offrant ainsi \u00e9galement une publication aux laur\u00e9ats.<\/h4>\n[\/vc_column_text][vc_empty_space height=&#8221;16px&#8221;][vc_column_text]\n<h4 style=\"text-align: center;\">La remise des prix et expositions de l&#8217;\u00e9dition 2016 se sont d\u00e9roul\u00e9es \u00e0 <a href=\"http:\/\/sylabs-dz.com\/\">Sylabs<\/a> \u00e0 Alger et \u00e0 la galerie <a href=\"http:\/\/www.civoeil.com\/\">Civ Oeil<\/a> \u00e0 Oran.<br \/>\nPour l&#8217;\u00e9dition 2017, la remise des prix \u00e0 eu lieu \u00e0 <a href=\"https:\/\/www.facebook.com\/AmbassadeSuisseAlger\/posts\/693528064183459?__xts__%5B0%5D=68.ARDhHKOQTuIdrzqlkVkvKe-mpPhftFE2XipeGWQ_Yi2WyyTqEsGLJqQDUffolwkXKJarqclj9J-eLcGUFqbAvci2XiWer8bk_3kKAIhiO8lzsIPOm1iQ4XssbAZWDsoH-rLlwKEc6jbONxSLys8K4UBWAe0VM3ZGJQ1zLM6lErIrRfLacmGPI1taKOu8gfrEBykTM1k806xXZjVhvlEXAIrRUDdz_4bMtiwmxkbSOl7O7CTwecywYalqVLJaLv8zqAJzfkAJTlo7ykVVceJSWP7KL1y0Fc_6XY67qFY4g6HUFQsDfyKpZ2jcuUZbBLvXd-_FzCgyi8v6nZf8gHzk1q6bQrhylZuoVvBlBUK8NS9h4X2H6MgesJyiSGIt3uH1kS2rYbZlb4HBiIgKi26HY0IErfPkqr5O0O3pCaTDsOOW-eFjyjsJlc4FICDKVbtBET6n4wmDAjs7pkQQ7cJX9TVsMFGaoAUejXt44o_DxHa2rq6tuQM&#038;__tn__=C-R\">la r\u00e9sidence de l&#8217;Ambassade de Suisse \u00e0 Alger<\/a> et l&#8217;exposition \u00e0 l&#8217;espace d&#8217;art contemporain <a href=\"http:\/\/espacodz.com\/\">ESPACO<\/a>.<\/h4>\n[\/vc_column_text][vc_empty_space height=&#8221;16px&#8221;][vc_column_text]\n<h4 style=\"text-align: center;\">Douze talentueux laur\u00e9ats de diverses r\u00e9gions et villes d&#8217;Alg\u00e9rie mais aussi de tout \u00e2ge ont \u00e9t\u00e9 r\u00e9compens\u00e9s pour les diff\u00e9rentes cat\u00e9gories des concours.<\/h4>\n<p style=\"text-align: center;\"><strong><em><a href=\"http:\/\/algeriart.com\/laureats-du-concours-de-photo-2017\/\">Photos et reportages prim\u00e9s<\/a><\/em><\/strong><\/p>\n[\/vc_column_text][vc_empty_space height=&#8221;16px&#8221;][vc_column_text]\n<h4 style=\"text-align: center;\">Une exp\u00e9rience d&#8217;une valeur inestimable: <em>D\u00e9couvrir, r\u00e9compenser et soutenir la cr\u00e9ativit\u00e9.<\/em><\/h4>\n[\/vc_column_text][vc_empty_space height=&#8221;16px&#8221;][vc_column_text]\n<h4 style=\"text-align: center;\"><em>Merci \u00e0 tous nos partenaires qui ont rendu cela possible.<br \/>\n<\/em><\/h4>\n[\/vc_column_text][vc_empty_space height=&#8221;16px&#8221;][vc_column_text]\n<h4 style=\"text-align: center;\"><a href=\"http:\/\/algeriart.com\/wp-content\/uploads\/2018\/03\/all-2017.png\"><img decoding=\"async\" loading=\"lazy\" class=\"alignnone size-medium wp-image-1349\" src=\"http:\/\/algeriart.com\/wp-content\/uploads\/2018\/03\/all-2017-300x114.png\" alt=\"\" width=\"300\" height=\"114\" \/><\/a><\/h4>\n[\/vc_column_text][\/vc_column][vc_column width=&#8221;1\/3&#8243;][vc_empty_space][vc_column_text]\n<h3 style=\"text-align: center;\">Galerie photo<\/h3>\n[\/vc_column_text][vc_empty_space height=&#8221;8px&#8221;][vc_column_text]\n<h4 style=\"text-align: center;\">(D\u00e9lib\u00e9rations, remise des prix, expositions \u00e0 Alger et \u00e0 Oran 2016 et 2017)<\/h4>\n[\/vc_column_text][vc_gallery interval=&#8221;3&#8243; images=&#8221;1251,1457,1459,1460,1461,1462,1463,1464,1469,1465,1468,1466,1467,1474,1470,1471,1482,1477,1478,1476,1309,1374&#8243;][vc_column_text]\n<h3 style=\"text-align: center;\"><em><a href=\"http:\/\/algeriart.com\/a-propos\/partenariat\/\">Vivez cette exp\u00e9rience avec nous<br \/>\nen soutenant notre mission.<br \/>\nDevenez partenaire !<\/a><br \/>\n<\/em><\/h3>\n[\/vc_column_text][vc_separator type=&#8221;normal&#8221;]<a href=\"http:\/\/algeriart.com\/nos-concours-dart2\/2017-concours-de-photographie2\/jury\/\" target=\"_self\" class=\"qbutton  medium center\" style=\"background-color: #000000; \">Membres du jury 2016\/2017<\/a>[vc_empty_space height=&#8221;16px&#8221;]<a href=\"http:\/\/algeriart.com\/nos-concours-dart2\/2017-concours-de-photographie2\/laureats-du-concours-de-photographie-algeriart-2016\/\" target=\"_self\" class=\"qbutton  medium center\" style=\"background-color: #000000; \">Laur\u00e9ats de l'\u00e9dition 2016<\/a>[vc_empty_space height=&#8221;16px&#8221;]<a href=\"http:\/\/algeriart.com\/laureats-du-concours-de-photographie-2017-2eme-edition\/\" target=\"_self\" class=\"qbutton  medium center\" style=\"background-color: #000000; \">Laur\u00e9ats de l'\u00e9dition 2017<\/a>[vc_empty_space height=&#8221;16px&#8221;][vc_empty_space height=&#8221;16px&#8221;][\/vc_column][\/vc_row][vc_row row_type=&#8221;row&#8221; text_align=&#8221;center&#8221; css_animation=&#8221;&#8221;][vc_column][vc_separator type=&#8221;normal&#8221;][\/vc_column][\/vc_row][vc_row row_type=&#8221;row&#8221; text_align=&#8221;center&#8221; css_animation=&#8221;&#8221;][vc_column][vc_empty_space height=&#8221;16px&#8221;][vc_column_text]\n<h2 style=\"text-align: center;\">Interviews et conseils de nos membres du jury<\/h2>\n[\/vc_column_text][vc_empty_space height=&#8221;28px&#8221;][\/vc_column][\/vc_row][vc_row row_type=&#8221;row&#8221; text_align=&#8221;center&#8221; css_animation=&#8221;&#8221;][vc_column width=&#8221;1\/4&#8243;][vc_column_text]\n<h3 style=\"text-align: center;\">Interview avec Michael H\u00e4dener :<\/h3>\n<h5 style=\"text-align: center;\">Membre de Jury du concours de Photographie\u00a0 2017<\/h5>\n[\/vc_column_text][vc_empty_space][vc_video link=&#8221;https:\/\/www.youtube.com\/watch?v=dTESd5asdfs&#038;feature=youtu.be&#8221; el_width=&#8221;80&#8243; align=&#8221;center&#8221;][\/vc_column][vc_column width=&#8221;1\/4&#8243;][vc_column_text]\n<h3 style=\"text-align: center;\">Interview avec Naima Kaddour:<\/h3>\n<h5 style=\"text-align: center;\">Membre de Jury du concours de Photographie\u00a0 2016<\/h5>\n[\/vc_column_text][vc_empty_space][vc_video link=&#8221;https:\/\/www.youtube.com\/watch?v=QaFk20WDQGk&#8221; el_width=&#8221;80&#8243; align=&#8221;center&#8221;][\/vc_column][vc_column width=&#8221;1\/4&#8243;][vc_column_text]\n<h3 style=\"text-align: center;\">Interview avec Ammar Bouras:<\/h3>\n<h5 style=\"text-align: center;\">Membre de Jury du concours de Photographie\u00a0 2016<\/h5>\n[\/vc_column_text][vc_empty_space][vc_video link=&#8221;https:\/\/www.youtube.com\/watch?v=GCOpXqYkOyE&#8221; el_width=&#8221;80&#8243; align=&#8221;center&#8221;][\/vc_column][vc_column width=&#8221;1\/4&#8243;][vc_column_text]\n<h3 style=\"text-align: center;\">Interview avec Zohra Bensemra:<\/h3>\n<h5 style=\"text-align: center;\">Pr\u00e9sidente d\u2019honneur du Jury du concours de Photographie\u00a0 2016<\/h5>\n[\/vc_column_text][vc_empty_space][vc_video link=&#8221;https:\/\/www.youtube.com\/watch?v=V8PC93zXdFM&#038;t=6s&#8221; el_width=&#8221;80&#8243; align=&#8221;center&#8221;][\/vc_column][\/vc_row][vc_row row_type=&#8221;row&#8221; text_align=&#8221;left&#8221; css_animation=&#8221;&#8221;][vc_column][vc_separator type=&#8221;normal&#8221;][\/vc_column][\/vc_row][vc_row row_type=&#8221;row&#8221; text_align=&#8221;left&#8221; css_animation=&#8221;&#8221; css=&#8221;.vc_custom_1453217339571{padding-top: 50px !important;padding-bottom: 50px !important;}&#8221;][vc_column width=&#8221;1\/2&#8243;][vc_column_text]\n<h1><span class=\"st\">Qu&#8217;est-ce que AlgeriART ?<br \/>\n<\/span><\/h1>\n[\/vc_column_text][vc_empty_space height=&#8221;30px&#8221;][vc_column_text]\n<h4>AlgeriArt est une plateforme de b\u00e9n\u00e9voles qui se veut \u00eatre un soutien aux talents et \u00e0 la cr\u00e9ativit\u00e9 artistiques.<\/h4>\n[\/vc_column_text][vc_empty_space height=&#8221;24px&#8221;][vc_column_text]\n<p style=\"text-align: justify;\">A travers nos activit\u00e9s, nous\u00a0cherchons \u00e0 offrir aux artistes la visibilit\u00e9 qui leur manque et ce tant sur la sc\u00e8ne Alg\u00e9rienne qu&#8217;internationale de mani\u00e8re \u00e0 lancer, pour certains, et propulser pour d&#8217;autres, leur carri\u00e8re professionnelle.<\/p>\n[\/vc_column_text][vc_empty_space height=&#8221;24px&#8221;][vc_column_text]\n<p style=\"text-align: justify;\">Nos concours permettrons de booster les carri\u00e8res des artistes ou les aider \u00e0 gagner en visibilit\u00e9. Le d\u00e9fis est\u00a0celui d\u2019exceller tant sur l\u2019aspect cr\u00e9atif que technique tout en restant fid\u00e8le \u00e0 son propre style .<\/p>\n[\/vc_column_text][vc_empty_space height=&#8221;24px&#8221;][vc_column_text]\n<h6 style=\"text-align: justify;\">Vous pourrez trouver plus de d\u00e9tails au sujet d\u2019AlgeriArt sur la page <a href=\"http:\/\/algeriart.com\/a-propos\/\" target=\"_blank\" rel=\"noopener noreferrer\" data-saferedirecturl=\"https:\/\/www.google.com\/url?hl=fr&#038;q=http:\/\/algeriart.com\/a-propos\/&#038;source=gmail&#038;ust=1462750843774000&#038;usg=AFQjCNGg6myOHPDpCqGLVMjZS2HVgHKq2g\">A Propos<\/a>, et au sujet de\u00a0nos concours et \u00e9v\u00e9nements en cours sur les pages Concours d\u2019Art et Actualit\u00e9s.<\/h6>\n[\/vc_column_text][vc_empty_space height=&#8221;24px&#8221;][\/vc_column][vc_column width=&#8221;1\/2&#8243;][vc_single_image image=&#8221;1284&#8243; img_size=&#8221;full&#8221; alignment=&#8221;center&#8221;][\/vc_column][\/vc_row][vc_row row_type=&#8221;row&#8221; text_align=&#8221;left&#8221; css_animation=&#8221;&#8221;][vc_column]<div class='latest_post_holder'><ul><li class=\"three\"><div class=\"latest_post\"><a href=\"https:\/\/algeriart.com\/fr\/les-laureats-2017-sont-annonces-sur-el-watan-week-end\/\" class=\"latest_post_wrapper\"><\/a><div class=\"latest_post_text\"><div class=\"latest_post_inner\"><span class=\"post_infos\"><span class=\"date_holder\"><span class=\"date\">28 <\/span><span class=\"month\">juillet<\/span><\/span><span class=\"latest-vert-separator\">  |  <\/span><a class=\"post_author\" href=\"https:\/\/algeriart.com\/fr\/author\/algeriart\/\">AlgeriART <\/a><span class=\"latest-vert-separator\">  |  <\/span> <a href=\"https:\/\/algeriart.com\/fr\/category\/2017\/\">2017 <\/a>  <a href=\"https:\/\/algeriart.com\/fr\/category\/concours\/\">Concours <\/a>  <a href=\"https:\/\/algeriart.com\/fr\/category\/laureats\/\">Laur\u00e9ats <\/a> <span class=\"latest-vert-separator\">  |  <\/span><\/span><h4 class=\"latest_post_title\"><a href=\"https:\/\/algeriart.com\/fr\/les-laureats-2017-sont-annonces-sur-el-watan-week-end\/\">Les laur\u00e9ats 2017 sont annonc\u00e9s sur El Watan week-end<\/a><\/h4><\/div><\/div><\/div><\/li><li class=\"three\"><div class=\"latest_post\"><a href=\"https:\/\/algeriart.com\/fr\/annonce-bientot-des-laureats-du-concours-photo-2017\/\" class=\"latest_post_wrapper\"><\/a><div class=\"latest_post_text\"><div class=\"latest_post_inner\"><span class=\"post_infos\"><span class=\"date_holder\"><span class=\"date\">24 <\/span><span class=\"month\">juillet<\/span><\/span><span class=\"latest-vert-separator\">  |  <\/span><a class=\"post_author\" href=\"https:\/\/algeriart.com\/fr\/author\/algeriart\/\">AlgeriART <\/a><span class=\"latest-vert-separator\">  |  <\/span> <a href=\"https:\/\/algeriart.com\/fr\/category\/2017\/\">2017 <\/a>  <a href=\"https:\/\/algeriart.com\/fr\/category\/algerie\/\">Alg\u00e9rie <\/a>  <a href=\"https:\/\/algeriart.com\/fr\/category\/art\/\">Art <\/a>  <a href=\"https:\/\/algeriart.com\/fr\/category\/concours\/\">Concours <\/a>  <a href=\"https:\/\/algeriart.com\/fr\/category\/laureats\/\">Laur\u00e9ats <\/a> <span class=\"latest-vert-separator\">  |  <\/span><\/span><h4 class=\"latest_post_title\"><a href=\"https:\/\/algeriart.com\/fr\/annonce-bientot-des-laureats-du-concours-photo-2017\/\">Annonce bient\u00f4t des laur\u00e9ats du concours photo 2017<\/a><\/h4><\/div><\/div><\/div><\/li><li class=\"three\"><div class=\"latest_post\"><a href=\"https:\/\/algeriart.com\/fr\/cloture-du-concours-remerciements-aux-participants\/\" class=\"latest_post_wrapper\"><\/a><div class=\"latest_post_text\"><div class=\"latest_post_inner\"><span class=\"post_infos\"><span class=\"date_holder\"><span class=\"date\">26 <\/span><span class=\"month\">juin<\/span><\/span><span class=\"latest-vert-separator\">  |  <\/span><a class=\"post_author\" href=\"https:\/\/algeriart.com\/fr\/author\/algeriart\/\">AlgeriART <\/a><span class=\"latest-vert-separator\">  |  <\/span> <a href=\"https:\/\/algeriart.com\/fr\/category\/art\/\">Art <\/a> <span class=\"latest-vert-separator\">  |  <\/span><\/span><h4 class=\"latest_post_title\"><a href=\"https:\/\/algeriart.com\/fr\/cloture-du-concours-remerciements-aux-participants\/\">Cl\u00f4ture du concours, remerciements aux participants &#8230;<\/a><\/h4><\/div><\/div><\/div><\/li><span class=\"latest_post_clear\"><\/span><\/ul><\/div>[\/vc_column][\/vc_row][vc_row row_type=&#8221;row&#8221; text_align=&#8221;left&#8221; css_animation=&#8221;&#8221;][vc_column width=&#8221;1\/4&#8243;][\/vc_column][vc_column width=&#8221;1\/4&#8243;][\/vc_column][vc_column width=&#8221;1\/4&#8243;][\/vc_column][vc_column width=&#8221;1\/4&#8243;]<span class='q_social_icon_holder'><a href='https:\/\/www.youtube.com\/algeriart' target='_self'><span class='fa-stack fa-lg'><i class='fa fa-youtube'><\/i><\/span><\/a><\/span><span class='q_social_icon_holder'><a href='https:\/\/www.facebook.com\/AlgeriART\/' target='_self'><span class='fa-stack fa-lg'><i class='fa fa-facebook'><\/i><\/span><\/a><\/span><span class='q_social_icon_holder'><a href='https:\/\/plus.google.com\/+Algeriart' target='_self'><span class='fa-stack fa-lg'><i class='fa fa-google-plus'><\/i><\/span><\/a><\/span><span class='q_social_icon_holder'><a href='https:\/\/twitter.com\/AlgeriArt' target='_self'><span class='fa-stack fa-lg'><i class='fa fa-twitter'><\/i><\/span><\/a><\/span>[vc_empty_space height=&#8221;12px&#8221;][\/vc_column][\/vc_row]\n<\/div>","protected":false},"excerpt":{"rendered":"<p>[vc_row row_type=&#8221;row&#8221; text_align=&#8221;left&#8221; css_animation=&#8221;&#8221;][vc_column][vc_column_text] D\u00e9couvrir, r\u00e9compenser et encourager la cr\u00e9ation artistique. [\/vc_column_text][vc_separator type=&#8221;small&#8221; position=&#8221;center&#8221;][\/vc_column][\/vc_row][vc_row row_type=&#8221;row&#8221; text_align=&#8221;left&#8221; css_animation=&#8221;&#8221;][vc_column width=&#8221;2\/3&#8243;][vc_empty_space][vc_column_text] L&#8217;histoire de nos concours de photographie organis\u00e9s au niveau national et international (2016-2017). [\/vc_column_text][vc_empty_space height=&#8221;16px&#8221;][vc_column_text] Artistes, amateurs passionn\u00e9s ou photographes professionnels&#8230; Des candidats passionn\u00e9es et passionnants de&#8230;<\/p>\n","protected":false},"author":1,"featured_media":0,"parent":0,"menu_order":1,"comment_status":"closed","ping_status":"closed","template":"","meta":{"nf_dc_page":"","footnotes":""},"class_list":["post-327","page","type-page","status-publish","hentry"],"_links":{"self":[{"href":"https:\/\/algeriart.com\/fr\/wp-json\/wp\/v2\/pages\/327","targetHints":{"allow":["GET"]}}],"collection":[{"href":"https:\/\/algeriart.com\/fr\/wp-json\/wp\/v2\/pages"}],"about":[{"href":"https:\/\/algeriart.com\/fr\/wp-json\/wp\/v2\/types\/page"}],"author":[{"embeddable":true,"href":"https:\/\/algeriart.com\/fr\/wp-json\/wp\/v2\/users\/1"}],"replies":[{"embeddable":true,"href":"https:\/\/algeriart.com\/fr\/wp-json\/wp\/v2\/comments?post=327"}],"version-history":[{"count":3,"href":"https:\/\/algeriart.com\/fr\/wp-json\/wp\/v2\/pages\/327\/revisions"}],"predecessor-version":[{"id":1555,"href":"https:\/\/algeriart.com\/fr\/wp-json\/wp\/v2\/pages\/327\/revisions\/1555"}],"wp:attachment":[{"href":"https:\/\/algeriart.com\/fr\/wp-json\/wp\/v2\/media?parent=327"}],"curies":[{"name":"wp","href":"https:\/\/api.w.org\/{rel}","templated":true}]}}