{"id":359,"date":"2016-05-08T18:28:27","date_gmt":"2016-05-08T17:28:27","guid":{"rendered":"http:\/\/algeriart.com\/?page_id=359"},"modified":"2016-05-08T18:28:27","modified_gmt":"2016-05-08T17:28:27","slug":"conditions-generales","status":"publish","type":"page","link":"https:\/\/algeriart.com\/fr\/conditions-generales\/","title":{"rendered":"Conditions g\u00e9n\u00e9rales d&#8217;utilisation"},"content":{"rendered":"<div class=\"wpb-content-wrapper\">[vc_row row_type=&#8221;row&#8221; text_align=&#8221;left&#8221; css_animation=&#8221;&#8221;][vc_column][vc_column_text]\n<h3 style=\"text-align: center;\">AlgeriART vous propose d\u2019utiliser le pr\u00e9sent site Web sous r\u00e9serve des clauses et conditions suivantes.<\/h3>\n[\/vc_column_text][vc_empty_space][vc_column_text]\n<h4 style=\"text-align: center;\"><strong>Le fait de visiter ou de visionner des informations sur ce site implique l\u2019acceptation des pr\u00e9sentes conditions.<\/strong><\/h4>\n<h4 style=\"text-align: center;\"><strong>Veuillez les lire attentivement.<\/strong><\/h4>\n[\/vc_column_text][vc_empty_space][vc_column_text]\n<h3>TERMES ET CONDITIONS D&#8217;UTILISATION<\/h3>\n<p>&nbsp;<\/p>\n<p>Ces conditions d&#8217;utilisation s&#8217;appliquent \u00e0 toutes les offres AlgeriART, quel que soit leur canal de distribution ou de vente. Elles sont compl\u00e9t\u00e9es par les dispositions particuli\u00e8res des diff\u00e9rentes offres d\u00e9crites sur le(s) bon(s) de commande ou le(s) formulaire(s) d&#8217;inscription et d&#8217;abonnement de ce site.<\/p>\n<p>&nbsp;<\/p>\n<h3>DISPONIBILIT\u00c9 DE CE SITE WEB<\/h3>\n<p>&nbsp;<\/p>\n<p>L\u2019acc\u00e8s au pr\u00e9sent site Web peut \u00eatre restreint ou suspendu occasionnellement pour r\u00e9parations, entretien ou introduction de nouveaux services.<\/p>\n<p>&nbsp;<\/p>\n<p>AlgeriART s\u2019efforcera de r\u00e9tablir l\u2019acc\u00e8s au pr\u00e9sent site Web dans les meilleurs d\u00e9lais.<\/p>\n<p>&nbsp;<\/p>\n<h3>UTILISATION DE CE SITE WEB<\/h3>\n<p>&nbsp;<\/p>\n<p>Tous les \u00e9l\u00e9ments figurant sur ce site (texte, \u00e9l\u00e9ments graphiques ou multim\u00e9dia) sont la propri\u00e9t\u00e9 d\u2019AlgeriART ainsi que de leurs auteurs respectifs. Le fait de pouvoir consulter et enregistrer les donn\u00e9es de ce site sur un autre support ne donne en aucun cas le droit d&#8217;effacer, de retirer ou de modifier les mentions de copyright figurant sur les ressources de ce site, ou de modifier les ressources elles m\u00eames de ce site.<\/p>\n<p>&nbsp;<\/p>\n<p>Il est interdit de modifier les informations ou documents affich\u00e9s sur ce site ou qui peuvent \u00eatre t\u00e9l\u00e9charg\u00e9s \u00e0 partir de ce site et de les reproduire ou de les afficher publiquement, de les distribuer ou de les utiliser de quelque autre mani\u00e8re que ce soit \u00e0 des fins publiques ou commerciales.<\/p>\n<p>&nbsp;<\/p>\n<p>AlgeriART ne garantit pas que (a) le service satisfera vos besoins sp\u00e9cifiques, (b) le service sera continu, \u00e0 propos, s\u00fbr, ou sans erreur, (c) les r\u00e9sultats qui peuvent \u00eatre obtenus de l&#8217;utilisation du service seront exacts ou s\u00fbrs, (d) la qualit\u00e9 de n&#8217;importe quels produits, services, renseignements, satisfera \u00e0 vos attentes et (e) que toutes les erreurs du Service seront corrig\u00e9es.<\/p>\n<p>&nbsp;<\/p>\n<h3>PROPRI\u00c9T\u00c9 INTELLECTUELLE ET RESPONSABILIT\u00c9<\/h3>\n<p>&nbsp;<\/p>\n<p>L&#8217;Utilisateur s&#8217;engage \u00e0 ce que le contenu transmis ou partag\u00e9 sur ce site ainsi que son utilisation des services offerts \u00e0 travers AlgeriART soit en conformit\u00e9 avec les lois et r\u00e8glements en vigueur. Il est rappel\u00e9 que seul l&#8217;Utilisateur est responsable du contenu qu&#8217;il diffuse sur Internet, en aucun cas AlgeriART sera consid\u00e9r\u00e9 comme responsable du contenu d&#8217;un Utilisateur.<\/p>\n<p>&nbsp;<\/p>\n<p>L\u2019Utilisateur d\u00e9clare \u00e9galement que son utilisation des services d\u2019AlgeriART n\u2019est pas susceptible de porter atteinte directement et\/ou indirectement aux droits des tiers.<\/p>\n<p>&nbsp;<\/p>\n<p>AlgeriART se r\u00e9serve le droit de suspension pour tout utilisateur \u00e0 son enti\u00e8re discr\u00e9tion sans pr\u00e9avis et sans contestation possible.<\/p>\n<p>&nbsp;<\/p>\n<p>L&#8217;Utilisateur ne peut vendre ou mettre \u00e0 disposition de tiers, \u00e0 titre on\u00e9reux ou gratuit, les services propos\u00e9s par AlgeriART.<\/p>\n<p>&nbsp;<\/p>\n<p>AlgeriART d\u00e9cline toute responsabilit\u00e9 quant aux dommages ou aux virus susceptibles d\u2019infecter votre ordinateur, votre \u00e9quipement de t\u00e9l\u00e9communication ou tout autre bien, occasionn\u00e9s par l\u2019acc\u00e8s, l\u2019utilisation ou la navigation sur ce site, ou par le t\u00e9l\u00e9chargement d\u2019informations ou de documents \u00e0 partir de ce site.<\/p>\n<p>&nbsp;<\/p>\n<h3>MODIFICATIONS DU SERVICE<\/h3>\n<p>&nbsp;<\/p>\n<p>AlgeriART se r\u00e9serve le droit de modifier ou d&#8217;arr\u00eater, temporairement ou de fa\u00e7on permanente, son programme et le Service (ou n&#8217;importe quelle partie de celui-ci) moyennant un pr\u00e9avis de 30 jours.<\/p>\n<p>&nbsp;<\/p>\n<p>AlgeriART ne peut-\u00eatre tenu responsable pour des dommages \u00e9ventuels subis lors d&#8217;une modification du service, de la suspension ou de la cessation du Service.<\/p>\n<p>&nbsp;<\/p>\n<p>AlgeriART fait appel \u00e0 des partenaires, prestataires et fournisseurs ext\u00e9rieurs de mani\u00e8re \u00e0 assurer le bon fonctionnement du site web et de ses services.<\/p>\n<p><strong>\u00a0<\/strong><\/p>\n<p>&nbsp;<\/p>\n<h3>MODIFICATION DES CONDITIONS G\u00c9N\u00c9RALES D&#8217;UTILISATION<\/h3>\n<p>&nbsp;<\/p>\n<p>AlgeriART dispose d&#8217;un droit de modification unilat\u00e9rale des pr\u00e9sentes conditions, dont il revient \u00e0 l&#8217;UTILISATEUR de prendre connaissance \u00e0 chaque fois qu&#8217;il utilise les services de ce site, sans qu&#8217;il soit n\u00e9cessaire de l&#8217;en pr\u00e9venir formellement.<\/p>\n<p>&nbsp;<\/p>\n<p>Les conditions applicables sont celles mentionn\u00e9es sur le site au moment ou l&#8217;utilisateur fait usage du site ou de l\u2019un des services d\u2019AlgeriART.[\/vc_column_text][vc_empty_space][\/vc_column][\/vc_row]\n<\/div>","protected":false},"excerpt":{"rendered":"<p>[vc_row row_type=&#8221;row&#8221; text_align=&#8221;left&#8221; css_animation=&#8221;&#8221;][vc_column][vc_column_text] AlgeriART vous propose d\u2019utiliser le pr\u00e9sent site Web sous r\u00e9serve des clauses et conditions suivantes. [\/vc_column_text][vc_empty_space][vc_column_text] Le fait de visiter ou de visionner des informations sur ce site implique l\u2019acceptation des pr\u00e9sentes conditions. Veuillez les lire attentivement. [\/vc_column_text][vc_empty_space][vc_column_text] TERMES ET CONDITIONS&#8230;<\/p>\n","protected":false},"author":2,"featured_media":0,"parent":0,"menu_order":10,"comment_status":"closed","ping_status":"closed","template":"","meta":{"nf_dc_page":"","footnotes":""},"class_list":["post-359","page","type-page","status-publish","hentry"],"_links":{"self":[{"href":"https:\/\/algeriart.com\/fr\/wp-json\/wp\/v2\/pages\/359","targetHints":{"allow":["GET"]}}],"collection":[{"href":"https:\/\/algeriart.com\/fr\/wp-json\/wp\/v2\/pages"}],"about":[{"href":"https:\/\/algeriart.com\/fr\/wp-json\/wp\/v2\/types\/page"}],"author":[{"embeddable":true,"href":"https:\/\/algeriart.com\/fr\/wp-json\/wp\/v2\/users\/2"}],"replies":[{"embeddable":true,"href":"https:\/\/algeriart.com\/fr\/wp-json\/wp\/v2\/comments?post=359"}],"version-history":[{"count":0,"href":"https:\/\/algeriart.com\/fr\/wp-json\/wp\/v2\/pages\/359\/revisions"}],"wp:attachment":[{"href":"https:\/\/algeriart.com\/fr\/wp-json\/wp\/v2\/media?parent=359"}],"curies":[{"name":"wp","href":"https:\/\/api.w.org\/{rel}","templated":true}]}}