{"id":55,"date":"2016-01-31T22:42:08","date_gmt":"2016-01-31T21:42:08","guid":{"rendered":"http:\/\/algeriart.com\/?page_id=6"},"modified":"2016-01-31T22:42:08","modified_gmt":"2016-01-31T21:42:08","slug":"reglement-du-concours-photo2","status":"publish","type":"page","link":"https:\/\/algeriart.com\/fr\/nos-concours-dart2\/2017-concours-de-photographie2\/reglement-du-concours-photo2\/","title":{"rendered":"R\u00e8glement du concours de Photographie"},"content":{"rendered":"<div class=\"wpb-content-wrapper\">[vc_row row_type=&#8221;row&#8221; text_align=&#8221;left&#8221; css_animation=&#8221;&#8221;][vc_column][vc_column_text]\n<h3 style=\"text-align: center;\">Le concours de photographie AlgeriART est soumis \u00e0 des conditions de participations regroup\u00e9es dans le r\u00e8glement ci-apr\u00e8s.<\/h3>\n[\/vc_column_text][vc_empty_space][vc_column_text]\n<h5 style=\"text-align: center;\"><strong><span style=\"color: #000000;\">Veuillez noter que toute participation engage le participant \u00e0 l\u2019acceptation totale et sans r\u00e9serves de ce r\u00e8glement du concours ainsi que de nos conditions g\u00e9n\u00e9rales d\u2019utilisation du site web.<\/span><\/strong><\/h5>\n[\/vc_column_text][vc_empty_space][vc_column_text]\n<p style=\"text-align: center;\"><strong>DANS LE CAS OU UNE DES CONDITIONS DU R\u00c8GLEMENT N\u2019EST PAS RESPECT\u00c9E, LA CANDIDATURE SERA DISQUALIFI\u00c9E.<\/strong><\/p>\n[\/vc_column_text][vc_empty_space][\/vc_column][\/vc_row][vc_row row_type=&#8221;row&#8221; text_align=&#8221;left&#8221; css_animation=&#8221;&#8221;][vc_column][vc_column_text]\n<h2>Concours de Photographie AlgeriART 2017<\/h2>\n[\/vc_column_text][vc_empty_space][vc_column_text]Le concours de photographie AlgeriART 2017 s\u2019adresse aux photographes de diverses disciplines photographiques souhaitant gagner d\u2019avantage de visibilit\u00e9 sur la sc\u00e8ne Alg\u00e9rienne et internationale.[\/vc_column_text][vc_empty_space][vc_column_text]\n<h3>Participant :<\/h3>\n[\/vc_column_text][vc_empty_space]<div class=ordered>\n<ol>\n<li>Le concours est ouvert \u00e0 tous les photographes et passionn\u00e9s citoyens Alg\u00e9riens de par le monde ou r\u00e9sidents \u00e9trangers en Alg\u00e9rie.<\/li>\n<li>Le participant doit \u00eatre \u00e2g\u00e9 de plus de 18 ans.<\/li>\n<li>Le participant garantit avoir les droits d\u2019auteurs et d\u2019utilisation de la\/les photo(s) soumise(s).<\/li>\n<li>Le participant d\u00e9gage AlgeriART de toute responsabilit\u00e9 r\u00e9sultant d\u2019un conflit de paternit\u00e9 li\u00e9 \u00e0 une ou plusieurs \u0153uvres soumises.<\/li>\n<li>Le participant garantit que sa participation et son acceptation du r\u00e8glement du concours ne vont \u00e0 l\u2019encontre d\u2019aucune loi ou accord pass\u00e9 avec une tiers partie.<\/li>\n<li>Le participant s\u2019engage \u00e0 respecter le r\u00e8glement du concours ainsi que les conditions g\u00e9n\u00e9rales d\u2019utilisation.<\/li>\n<\/ol>\n<\/div>[vc_empty_space][\/vc_column][\/vc_row][vc_row row_type=&#8221;row&#8221; text_align=&#8221;left&#8221; css_animation=&#8221;&#8221;][vc_column][vc_column_text]\n<h3>Les photos soumises :<\/h3>\n[\/vc_column_text][vc_empty_space][vc_column_text]Les photos soumises devront respecter les crit\u00e8res suivants :[\/vc_column_text][vc_empty_space]<div class=ordered>\n<ol>\n<li>Aucune information r\u00e9v\u00e9lant l\u2019identit\u00e9 du participant ne devra \u00eatre mentionn\u00e9e sur la photo elle-m\u00eame dans le but d\u2019assurer la confidentialit\u00e9 et l\u2019impartialit\u00e9 lors des d\u00e9lib\u00e9rations.<\/li>\n<li>Si les m\u00e9tadonn\u00e9es indiquent un autre nom, l\u2019accord \u00e9crit de cette personne est n\u00e9cessaire.<\/li>\n<li>Les photos ne doivent donc contenir que l\u2019image, et aucun cr\u00e9dit photo, texte ou date sur l\u2019image elle-m\u00eame.<\/li>\n<li>Toutes les candidatures soumises devront \u00eatre accompagn\u00e9es par une pr\u00e9sentation ou description contenant par exemple les informations suivantes :\n<ol>\n<li>Description de la photo\/reportage : qui est sur la photo\/reportage ? quel est l\u2019 \u00e9v\u00e9nement ou sujet abord\u00e9 ?<\/li>\n<li>L\u2019intention du photographe : ce que l\u2019auteur a souhait\u00e9 r\u00e9aliser, pour expliquer les choix de l\u2019auteur.<\/li>\n<li>Le lieu : la ville et\/ou la r\u00e9gion d\u2019Alg\u00e9rie o\u00f9 la photo\/reportage a \u00e9t\u00e9 pris(e).<\/li>\n<li>La date \u00e0 laquelle la photo\/reportage a \u00e9t\u00e9 pris(e).<\/li>\n<\/ol>\n<\/li>\n<\/ol>\n<\/div>[vc_empty_space][vc_column_text]\n<h3>Traitement et retouches :<\/h3>\n[\/vc_column_text][vc_empty_space]<div class=ordered>\n<ol>\n<li>Le contenu de la\/les photo(s) soumise(s)ne doit pas \u00eatre alt\u00e9r\u00e9 par un rajout, suppression ou d\u00e9placement d\u2019un \u00e9l\u00e9ment de la photo.<\/li>\n<li>Les photos trait\u00e9es ou retouch\u00e9es de mani\u00e8re abusive seront disqualifi\u00e9es.<\/li>\n<\/ol>\n<\/div>[vc_empty_space][vc_column_text]\n<h3>Format et qualit\u00e9 des photos :<\/h3>\n[\/vc_column_text][vc_empty_space]<div class=ordered>\n<ol>\n<li>Les photos envoy\u00e9es doivent \u00eatre en JPG, JPEG, minimum 100 dpi, maximum 1MB<\/li>\n<li>Conditions de s\u00e9lection : Les participants doivent \u00eatre en mesure de fournir la photo au format original. Les finalistes seront contact\u00e9s pour soumettre les fichiers en haute d\u00e9finition tels que demand\u00e9e, sans quoi ils seront disqualifi\u00e9s.<\/li>\n<\/ol>\n<\/div>[\/vc_column][\/vc_row][vc_row row_type=&#8221;row&#8221; text_align=&#8221;left&#8221; css_animation=&#8221;&#8221;][vc_column][vc_empty_space][vc_column_text]\n<h3>Participation:<\/h3>\n[\/vc_column_text][vc_empty_space height=&#8221;64px&#8221;]<div class=ordered>\n<ol>\n<li>La participation se fait exclusivement par internet sur le site web www.algeriart.com<\/li>\n<li>Les candidats pourront soumettre leurs photos entre le 15 Avril 2017 \u00e0 partir de 18h00 et le <del>18 Juin 2017 \u00e0 00h00<\/del> heure d\u2019Alger sauf prolongation du d\u00e9lais. Prolong\u00e9 jusqu&#8217;au 24 Juin 2017 \u00e0 23h59. Le portail sera ferm\u00e9 \u00e0 minuit.<\/li>\n<li>La\/les photo(s) soumise(s) doivent \u00eatre l\u2019\u0153uvre du participant lui-m\u00eame.<\/li>\n<li>Les photos soumises resteront \u00e0 tout moment la propri\u00e9t\u00e9 de l\u2019auteur.<\/li>\n<li>L\u2019utilisation de la ou des photographies soumises dans le cadre du concours photo n\u2019inclue pas une utilisation commerciale.<\/li>\n<li>Toute photo utilis\u00e9e portera le cr\u00e9dit photo: le nom de l\u2019auteur.<\/li>\n<li>Tout participant autorise AlgeriART et ses partenaires \u00e0 utiliser ses photos dans le but de les promouvoir et de promouvoir le concours et la plateforme AlgeriART, et ce de mani\u00e8re illimit\u00e9 sur tous les media incluant mais non limit\u00e9 aux : media sociaux, magazines, presse, site web AlgeriART et celui de ses partenaires. ainsi que l\u2019impression, la publication et l\u2019exposition des photos gagnantes.<\/li>\n<li>Le participant garantit qu\u2019aucune tierce partie ne peut soumettre d\u2019objection quand aux droits accord\u00e9s \u00e0 AlgeriART relatifs \u00e0 l\u2019utilisation des photos.<\/li>\n<\/ol>\n<\/div>[vc_empty_space height=&#8221;20px&#8221;][\/vc_column][vc_column][vc_column_text]\n<p style=\"text-align: center;\"><strong>DANS LE CAS OU UNE DES CONDITIONS DU R\u00c8GLEMENT N\u2019EST PAS RESPECT\u00c9E, LA CANDIDATURE SERA DISQUALIFI\u00c9E.<\/strong><\/p>\n[\/vc_column_text][vc_empty_space height=&#8221;64px&#8221;][\/vc_column][\/vc_row][vc_row row_type=&#8221;row&#8221; text_align=&#8221;left&#8221; css_animation=&#8221;&#8221;][vc_column width=&#8221;1\/4&#8243;][vc_empty_space][\/vc_column][vc_column width=&#8221;1\/4&#8243;][\/vc_column][vc_column width=&#8221;1\/4&#8243;][\/vc_column][vc_column width=&#8221;1\/4&#8243;]<span class='q_social_icon_holder'><a href='https:\/\/www.youtube.com\/algeriart' target='_self'><span class='fa-stack fa-lg'><i class='fa '><\/i><\/span><\/a><\/span><span class='q_social_icon_holder'><a href='https:\/\/www.facebook.com\/AlgeriART\/' target='_self'><span class='fa-stack fa-lg'><i class='fa fa-facebook'><\/i><\/span><\/a><\/span><span class='q_social_icon_holder'><a href='https:\/\/plus.google.com\/+Algeriart' target='_self'><span class='fa-stack fa-lg'><i class='fa fa-google-plus'><\/i><\/span><\/a><\/span><span class='q_social_icon_holder'><a href='https:\/\/twitter.com\/AlgeriArt' target='_self'><span class='fa-stack fa-lg'><i class='fa fa-twitter'><\/i><\/span><\/a><\/span>[\/vc_column][\/vc_row][vc_row row_type=&#8221;row&#8221; text_align=&#8221;left&#8221; css_animation=&#8221;&#8221;][vc_column][vc_empty_space][\/vc_column][\/vc_row]\n<\/div>","protected":false},"excerpt":{"rendered":"<p>[vc_row row_type=&#8221;row&#8221; text_align=&#8221;left&#8221; css_animation=&#8221;&#8221;][vc_column][vc_column_text] Le concours de photographie AlgeriART est soumis \u00e0 des conditions de participations regroup\u00e9es dans le r\u00e8glement ci-apr\u00e8s. [\/vc_column_text][vc_empty_space][vc_column_text] Veuillez noter que toute participation engage le participant \u00e0 l\u2019acceptation totale et sans r\u00e9serves de ce r\u00e8glement du concours ainsi que de nos&#8230;<\/p>\n","protected":false},"author":2,"featured_media":0,"parent":1190,"menu_order":9,"comment_status":"closed","ping_status":"closed","template":"","meta":{"nf_dc_page":"","footnotes":""},"class_list":["post-55","page","type-page","status-publish","hentry"],"_links":{"self":[{"href":"https:\/\/algeriart.com\/fr\/wp-json\/wp\/v2\/pages\/55","targetHints":{"allow":["GET"]}}],"collection":[{"href":"https:\/\/algeriart.com\/fr\/wp-json\/wp\/v2\/pages"}],"about":[{"href":"https:\/\/algeriart.com\/fr\/wp-json\/wp\/v2\/types\/page"}],"author":[{"embeddable":true,"href":"https:\/\/algeriart.com\/fr\/wp-json\/wp\/v2\/users\/2"}],"replies":[{"embeddable":true,"href":"https:\/\/algeriart.com\/fr\/wp-json\/wp\/v2\/comments?post=55"}],"version-history":[{"count":0,"href":"https:\/\/algeriart.com\/fr\/wp-json\/wp\/v2\/pages\/55\/revisions"}],"up":[{"embeddable":true,"href":"https:\/\/algeriart.com\/fr\/wp-json\/wp\/v2\/pages\/1190"}],"wp:attachment":[{"href":"https:\/\/algeriart.com\/fr\/wp-json\/wp\/v2\/media?parent=55"}],"curies":[{"name":"wp","href":"https:\/\/api.w.org\/{rel}","templated":true}]}}