{"id":554,"date":"2016-05-16T15:09:30","date_gmt":"2016-05-16T14:09:30","guid":{"rendered":"http:\/\/algeriart.com\/?page_id=554"},"modified":"2016-05-16T15:09:30","modified_gmt":"2016-05-16T14:09:30","slug":"partenariat","status":"publish","type":"page","link":"https:\/\/algeriart.com\/fr\/a-propos\/partenariat\/","title":{"rendered":"Partenariat"},"content":{"rendered":"<div class=\"wpb-content-wrapper\">[vc_row row_type=&#8221;row&#8221; text_align=&#8221;left&#8221; css_animation=&#8221;&#8221;][vc_column][vc_column_text]\n<h3 style=\"text-align: center;\">Pour r\u00e9aliser nos activit\u00e9s nous avons pu compter sur les pr\u00e9cieux partenariats avec :<\/h3>\n[\/vc_column_text][vc_empty_space height=&#8221;16px&#8221;][vc_column_text]\n<ul>\n<li style=\"text-align: center;\"><a href=\"https:\/\/capsavision.wordpress.com\/\">CapsaVision<\/a>\u00a0: Agence Photographique,<\/li>\n<li style=\"text-align: center;\"><a href=\"http:\/\/www.facebook.com\/Prestaser.Design.Studio\/\">Prestaser Design Studio<\/a> : studio graphique,<\/li>\n<li style=\"text-align: center;\"><a href=\"https:\/\/www.facebook.com\/SylabsDZ\">Sylabs<\/a> : Acc\u00e9l\u00e9rateur de talents,<\/li>\n<li style=\"text-align: center;\"><a href=\"http:\/\/ibss-dz.com\">IBSS <\/a>: Solution Globale,<\/li>\n<li style=\"text-align: center;\"><a href=\"http:\/\/www.civoeil.com\/\">Civ-\u0153il<\/a> : Galerie d&#8217;art et association,<\/li>\n<li style=\"text-align: center;\"><a href=\"https:\/\/www.facebook.com\/AmbassadeSuisseAlger\/\">Ambassade de Suisse en Alg\u00e9rie<\/a>,<\/li>\n<li style=\"text-align: center;\"><a href=\"http:\/\/espacodz.com\/\">ESPACO<\/a> : Espace d&#8217;art contemporain,<\/li>\n<li style=\"text-align: center;\"><a href=\"http:\/\/www.nestle.com\/\">Nestl\u00e9 Alg\u00e9rie<\/a> : Grande entreprise agroalimentaire.<\/li>\n<\/ul>\n[\/vc_column_text][vc_empty_space height=&#8221;16px&#8221;][vc_column_text]\n<h3 style=\"text-align: center;\">Nous les remercions tous vivement !<\/h3>\n[\/vc_column_text][\/vc_column][\/vc_row][vc_row row_type=&#8221;row&#8221; text_align=&#8221;left&#8221; css_animation=&#8221;&#8221;][vc_column][vc_empty_space][vc_separator type=&#8221;normal&#8221;][vc_column_text]\n<h3 style=\"text-align: center;\">Nous faisons appel au sponsoring et partenariat pour aider \u00e0 p\u00e9renniser nos projets et pour les organismes qui le souhaitent parrainer en exclusivit\u00e9 l&#8217;int\u00e9gralit\u00e9 d&#8217;un projet.<\/h3>\n[\/vc_column_text][vc_empty_space][vc_column_text]\n<h4 style=\"text-align: center;\"><em>Construire ensemble un projet m\u00e9morable, cr\u00e9atif et innovant.<\/em><\/h4>\n[\/vc_column_text][vc_separator type=&#8221;normal&#8221;][vc_empty_space][\/vc_column][\/vc_row][vc_row row_type=&#8221;row&#8221; text_align=&#8221;left&#8221; css_animation=&#8221;&#8221;][vc_column][vc_column_text]\n<h3>Formulaire de contact &#8211; Partenariat<\/h3>\n[\/vc_column_text][vc_empty_space height=&#8221;22px&#8221;]\n<div class=\"wpcf7 no-js\" id=\"wpcf7-f573-o1\" lang=\"fr-FR\" dir=\"ltr\" data-wpcf7-id=\"573\">\n<div class=\"screen-reader-response\"><p role=\"status\" aria-live=\"polite\" aria-atomic=\"true\"><\/p> <ul><\/ul><\/div>\n<form action=\"\/fr\/wp-json\/wp\/v2\/pages\/554#wpcf7-f573-o1\" method=\"post\" class=\"wpcf7-form init\" aria-label=\"Formulaire de contact\" novalidate=\"novalidate\" data-status=\"init\">\n<div style=\"display: none;\">\n<input type=\"hidden\" name=\"_wpcf7\" value=\"573\" \/>\n<input type=\"hidden\" name=\"_wpcf7_version\" value=\"6.0.6\" \/>\n<input type=\"hidden\" name=\"_wpcf7_locale\" value=\"fr_FR\" \/>\n<input type=\"hidden\" name=\"_wpcf7_unit_tag\" value=\"wpcf7-f573-o1\" \/>\n<input type=\"hidden\" name=\"_wpcf7_container_post\" value=\"0\" \/>\n<input type=\"hidden\" name=\"_wpcf7_posted_data_hash\" value=\"\" \/>\n<\/div>\n<p>N.B: Veillez noter que tous les champs marqu\u00e9s d'un ast\u00e9risque sont obligatoires.\n<\/p>\n<div style=\"height:14px;\">\n<\/div>\n<p>Votre nom*\n<\/p>\n<p><span class=\"wpcf7-form-control-wrap\" data-name=\"your-name\"><input size=\"40\" maxlength=\"400\" class=\"wpcf7-form-control wpcf7-text wpcf7-validates-as-required\" aria-required=\"true\" aria-invalid=\"false\" value=\"\" type=\"text\" name=\"your-name\" \/><\/span>\n<\/p>\n<div style=\"height:14px;\">\n<\/div>\n<p>Votre email*\n<\/p>\n<p><span class=\"wpcf7-form-control-wrap\" data-name=\"your-email\"><input size=\"40\" maxlength=\"400\" class=\"wpcf7-form-control wpcf7-email wpcf7-validates-as-required wpcf7-text wpcf7-validates-as-email\" aria-required=\"true\" aria-invalid=\"false\" value=\"\" type=\"email\" name=\"your-email\" \/><\/span>\n<\/p>\n<div style=\"height:14px;\">\n<\/div>\n<p>Organisme\/Entreprise*\n<\/p>\n<p><span class=\"wpcf7-form-control-wrap\" data-name=\"company\"><input size=\"40\" maxlength=\"400\" class=\"wpcf7-form-control wpcf7-text wpcf7-validates-as-required\" aria-required=\"true\" aria-invalid=\"false\" value=\"\" type=\"text\" name=\"company\" \/><\/span>\n<\/p>\n<div style=\"height:14px;\">\n<\/div>\n<p>Votre fonction*\n<\/p>\n<p><span class=\"wpcf7-form-control-wrap\" data-name=\"job\"><input size=\"40\" maxlength=\"400\" class=\"wpcf7-form-control wpcf7-text wpcf7-validates-as-required\" aria-required=\"true\" aria-invalid=\"false\" value=\"\" type=\"text\" name=\"job\" \/><\/span>\n<\/p>\n<div style=\"height:14px;\">\n<\/div>\n<p>Sujet\n<\/p>\n<p><span class=\"wpcf7-form-control-wrap\" data-name=\"your-subject\"><input size=\"40\" maxlength=\"400\" class=\"wpcf7-form-control wpcf7-text\" aria-invalid=\"false\" value=\"\" type=\"text\" name=\"your-subject\" \/><\/span>\n<\/p>\n<div style=\"height:14px;\">\n<\/div>\n<p>Votre message*\n<\/p>\n<p><span class=\"wpcf7-form-control-wrap\" data-name=\"your-message\"><textarea cols=\"40\" rows=\"10\" maxlength=\"2000\" class=\"wpcf7-form-control wpcf7-textarea wpcf7-validates-as-required\" aria-required=\"true\" aria-invalid=\"false\" name=\"your-message\"><\/textarea><\/span>\n<\/p>\n<div style=\"height:14px;\">\n<\/div>\n<p><input class=\"wpcf7-form-control wpcf7-submit has-spinner\" type=\"submit\" value=\"Envoyer\" \/>\n<\/p><div class=\"wpcf7-response-output\" aria-hidden=\"true\"><\/div>\n<\/form>\n<\/div>\n[vc_empty_space][\/vc_column][\/vc_row][vc_row row_type=&#8221;row&#8221; text_align=&#8221;left&#8221; css_animation=&#8221;&#8221;][vc_column width=&#8221;1\/4&#8243;][vc_empty_space][\/vc_column][vc_column width=&#8221;1\/4&#8243;][\/vc_column][vc_column width=&#8221;1\/4&#8243;][\/vc_column][vc_column width=&#8221;1\/4&#8243;]<span class='q_social_icon_holder'><a href='https:\/\/www.youtube.com\/algeriart' target='_self'><span class='fa-stack fa-lg'><i class='fa '><\/i><\/span><\/a><\/span><span class='q_social_icon_holder'><a href='https:\/\/www.facebook.com\/AlgeriART\/' target='_self'><span class='fa-stack fa-lg'><i class='fa fa-facebook'><\/i><\/span><\/a><\/span><span class='q_social_icon_holder'><a href='https:\/\/plus.google.com\/+Algeriart' target='_self'><span class='fa-stack fa-lg'><i class='fa fa-google-plus'><\/i><\/span><\/a><\/span><span class='q_social_icon_holder'><a href='https:\/\/twitter.com\/AlgeriArt' target='_self'><span class='fa-stack fa-lg'><i class='fa fa-twitter'><\/i><\/span><\/a><\/span>[\/vc_column][\/vc_row][vc_row row_type=&#8221;row&#8221; text_align=&#8221;left&#8221; css_animation=&#8221;&#8221;][vc_column][vc_empty_space][\/vc_column][\/vc_row]\n<\/div>","protected":false},"excerpt":{"rendered":"<p>[vc_row row_type=&#8221;row&#8221; text_align=&#8221;left&#8221; css_animation=&#8221;&#8221;][vc_column][vc_column_text] Pour r\u00e9aliser nos activit\u00e9s nous avons pu compter sur les pr\u00e9cieux partenariats avec : [\/vc_column_text][vc_empty_space height=&#8221;16px&#8221;][vc_column_text] CapsaVision\u00a0: Agence Photographique, Prestaser Design Studio : studio graphique, Sylabs : Acc\u00e9l\u00e9rateur de talents, IBSS : Solution Globale, Civ-\u0153il : Galerie d&#8217;art et association, Ambassade&#8230;<\/p>\n","protected":false},"author":2,"featured_media":0,"parent":290,"menu_order":0,"comment_status":"closed","ping_status":"closed","template":"","meta":{"nf_dc_page":"","footnotes":""},"class_list":["post-554","page","type-page","status-publish","hentry"],"_links":{"self":[{"href":"https:\/\/algeriart.com\/fr\/wp-json\/wp\/v2\/pages\/554","targetHints":{"allow":["GET"]}}],"collection":[{"href":"https:\/\/algeriart.com\/fr\/wp-json\/wp\/v2\/pages"}],"about":[{"href":"https:\/\/algeriart.com\/fr\/wp-json\/wp\/v2\/types\/page"}],"author":[{"embeddable":true,"href":"https:\/\/algeriart.com\/fr\/wp-json\/wp\/v2\/users\/2"}],"replies":[{"embeddable":true,"href":"https:\/\/algeriart.com\/fr\/wp-json\/wp\/v2\/comments?post=554"}],"version-history":[{"count":0,"href":"https:\/\/algeriart.com\/fr\/wp-json\/wp\/v2\/pages\/554\/revisions"}],"up":[{"embeddable":true,"href":"https:\/\/algeriart.com\/fr\/wp-json\/wp\/v2\/pages\/290"}],"wp:attachment":[{"href":"https:\/\/algeriart.com\/fr\/wp-json\/wp\/v2\/media?parent=554"}],"curies":[{"name":"wp","href":"https:\/\/api.w.org\/{rel}","templated":true}]}}