{"id":726,"date":"2016-08-18T15:55:55","date_gmt":"2016-08-18T14:55:55","guid":{"rendered":"http:\/\/algeriart.com\/?page_id=726"},"modified":"2016-08-18T15:55:55","modified_gmt":"2016-08-18T14:55:55","slug":"laureats-du-concours-de-photographie-algeriart-2016","status":"publish","type":"page","link":"https:\/\/algeriart.com\/fr\/nos-concours-dart2\/2017-concours-de-photographie2\/laureats-du-concours-de-photographie-algeriart-2016\/","title":{"rendered":"Laur\u00e9ats du Concours de Photographie AlgeriART 2016"},"content":{"rendered":"<div class=\"wpb-content-wrapper\">[vc_row row_type=&#8221;row&#8221; text_align=&#8221;left&#8221; css_animation=&#8221;&#8221;][vc_column][vc_empty_space height=&#8221;80px&#8221;][vc_column_text]\n<h1 style=\"text-align: center;\"><strong>Concours de Photographie AlgeriART<br \/>\n<\/strong><\/h1>\n[\/vc_column_text][vc_empty_space height=&#8221;36px&#8221;][vc_column_text]\n<h1 style=\"text-align: center;\"><strong>Laur\u00e9ats de l&#8217;\u00e9dition 2016 <\/strong><\/h1>\n[\/vc_column_text][vc_empty_space height=&#8221;60px&#8221;][vc_column_text]\n<h2 style=\"text-align: center;\">Cat\u00e9gorie Photo Reportage<\/h2>\n[\/vc_column_text][vc_empty_space height=&#8221;64px&#8221;][\/vc_column][\/vc_row][vc_row row_type=&#8221;row&#8221; text_align=&#8221;left&#8221; css_animation=&#8221;&#8221;][vc_column width=&#8221;1\/2&#8243;][vc_empty_space][vc_column_text]\n<h2 style=\"text-align: center;\">1ere Place<\/h2>\n[\/vc_column_text][vc_empty_space height=&#8221;16px&#8221;][vc_column_text]\n<p style=\"text-align: center;\"><strong>Titre du Reportage : Le Dernier Luthier.<\/strong><\/p>\n[\/vc_column_text][vc_empty_space height=&#8221;16px&#8221;][vc_column_text]\n<h4 style=\"text-align: center;\">Par <a href=\"http:\/\/www.chaibhacene.com\">Hacene Chaib<\/a>.<\/h4>\n[\/vc_column_text][vc_empty_space height=&#8221;16px&#8221;][vc_column_text]Au nom de l\u2019amour et la passion de son m\u00e9tier \u00ab aami Amer &#8221; \u0639\u0645\u064a \u0639\u0645\u0627\u0631 , un des dernier luthier de sa g\u00e9n\u00e9ration c\u2019est ce n\u2019ai pas le seul, un homme plein d&#8217;histoire et d\u2019anecdote sur la belle \u00e9poque et Age d\u2019or de la chanson malouf et Cha\u00e2bi dans la ville de Annaba.<\/p>\n<p>Des souvenirs plein d&#8217;\u00e9motion avec chaque nouvelle cr\u00e9ation d\u2019instrument musical dans son atelier, cheikh , auteur et compositeur dans ces heures perdues, aami \u00ab AMER \u00bb ne boude pas son plaisir de lier le travail et le bon temps en interpr\u00e9tant des morceaux qu&#8217;il a lui m\u00eame compos\u00e9s.<\/p>\n<p>Mais la r\u00e9alit\u00e9 de la vie refait surface. De nos jours les temps son durs, un m\u00e9tier en perdition, une situation de travail dur, un lieu de travail \u00e9troit, et des attentes de promesses toujours non tenues !<\/p>\n<p>La seule chose qui le tien, c\u2019est son amour de son m\u00e9tier et son savoir-faire qui ne veut pas voir partir sans pouvoir le transmettre !<\/p>\n<p>&#8211; Sur le reportage: Aami Amer \u0639\u0645\u064a \u0639\u0645\u0627\u0631<br \/>\n&#8211; Sujet : les arts et m\u00e9tiers artisanal \u00e0 Annaba<br \/>\n&#8211; L\u2019intention : donner plus de visibilit\u00e9 \u00e0 ces m\u00e9tiers en voix de perdition, qui ont une grande valeur dans notre patrimoine, et essayer de sensibiliser \u00e0 leur sauvegarde!<br \/>\n&#8211; Le lieu et date ou le reportage a \u00e9t\u00e9 pris : 03\/05\/2015, rue Benouhiba Mohamed \u2013 Annaba[\/vc_column_text][\/vc_column][vc_column width=&#8221;1\/2&#8243;][vc_empty_space][vc_single_image image=&#8221;1369&#8243; img_size=&#8221;full&#8221;][\/vc_column][\/vc_row][vc_row row_type=&#8221;row&#8221; text_align=&#8221;left&#8221; css_animation=&#8221;&#8221;][vc_column width=&#8221;1\/2&#8243;][vc_empty_space][vc_single_image image=&#8221;1373&#8243; img_size=&#8221;full&#8221;][\/vc_column][vc_column width=&#8221;1\/2&#8243;][vc_empty_space][vc_column_text]\n<h2 style=\"text-align: center;\">2eme Place<\/h2>\n[\/vc_column_text][vc_empty_space height=&#8221;16px&#8221;][vc_column_text]\n<p style=\"text-align: center;\"><strong>Titre du Reportage : Un dernier regard sur Douar Deraouich \u2013 Le bidonville de l\u2019autoroute est-ouest.<\/strong><\/p>\n[\/vc_column_text][vc_column_text]\n<h4 style=\"text-align: center;\">Par Salim Gora.<\/h4>\n[\/vc_column_text][vc_empty_space height=&#8221;16px&#8221;][vc_column_text]Une matin\u00e9e d\u2019\u00e9t\u00e9 \u00e0 40\u00b0 \u00e0 l\u2019ombre l\u2019humidit\u00e9 bas son plein, le manque d\u2019assainissement g\u00e9n\u00e8re des moustiques desquels les locataires de Douar Deraouiche se sont immunis\u00e9s depuis le temps. Les 400 \u00e2mes vivant dans ce bidonville construit durant les ann\u00e9es 90, viennent en majeur parti de Chlef et d\u2019A\u00efn Defla. Ils ont fui les affres de la GIA entre 1996 et 1998. Les plus jeunes ne connaissent que ce bidonville et ne savent pour quelle mal\u00e9diction ils sont n\u00e9s ici. Ce douar a vu plusieurs d\u00e9veloppements, \u00e0 l\u2019exemple de l\u2019autoroute est-ouest qui le coupe en deux, sans pour autant b\u00e9n\u00e9ficier des dividendes qui en d\u00e9coule.<\/p>\n<p>Douar Deraouiche vit au rythme des rumeurs de relogement, les esprits s\u2019excitent mais \u00e0 la moindre rumeur ou d\u00e9placement d\u2019un officiel dans les alentours.<\/p>\n<p>Chaque individu trimbale avec lui son histoire, chaque histoire est unique mais leur qu\u00eate est la m\u00eame, l\u2019acc\u00e8s au jackpot, arracher son droit de la rente p\u00e9troli\u00e8re et acqu\u00e9rir un logement social.[\/vc_column_text][vc_empty_space height=&#8221;16px&#8221;][\/vc_column][\/vc_row][vc_row row_type=&#8221;row&#8221; text_align=&#8221;left&#8221; css_animation=&#8221;&#8221;][vc_column width=&#8221;1\/2&#8243;][vc_empty_space][vc_column_text]\n<h2 style=\"text-align: center;\">3eme Place<\/h2>\n[\/vc_column_text][vc_empty_space height=&#8221;16px&#8221;][vc_column_text]\n<p style=\"text-align: center;\"><strong>Titre du Reportage : Alger : Une histoire de c\u0153ur.<\/strong><\/p>\n[\/vc_column_text][vc_empty_space height=&#8221;16px&#8221;][vc_column_text]\n<h4 style=\"text-align: center;\">Par Houssem Mokeddem.<\/h4>\n[\/vc_column_text][vc_empty_space height=&#8221;16px&#8221;][vc_column_text]Bien vous voulez une histoire? je vais vous en racontez une, mais juste une , inutile de me r\u00e9clamer une autre en suite:<br \/>\n&#8220;Il \u00e9tait une fois Alger, une ville addicte a son pass\u00e9, tout les jours elle d\u00e9poussi\u00e8re toutes les surfaces, passe la serpill\u00e8re dans tous les coins et ne s&#8217;arr\u00eate suante mais rassur\u00e9e que lorsqu&#8217;elle juge que tout est impeccable; Elle d\u00e9plie et replie sans cesse ses plus beaux habits, en prenant garde de ne jamais fixer l&#8217;objectif de ce voleur d&#8217;image.. Car la mis\u00e8re est belle partout ailleurs sauf chez soi, a moins d&#8217;avoir un sens affut\u00e9 pour saisir que le beau<br \/>\nAinsi ,c&#8217;est dans les profondeurs de ces ruelles ,dans ses maisons et de fen\u00eatre \u00e0 une autre que tous ses airs d&#8217;amour, d&#8217;attente , de doute ,de tabous de d\u00e9tresse et d&#8217;espoir, se r\u00e9pondent, ses chansons s&#8217;\u00e9chappent , se faufilent entre ses ombres et viennent ensorceler ses enfants , son enchantement reste omnipr\u00e9sent a travers le temps .les cicatrices de ses murs , les noms de ses rues tants de fois modifi\u00e9s ,ne viennent qu&#8217;appuyer tout son charme et son myst\u00e8re tellement bien gard\u00e9 a travers les regards de tout ses jeunes enfants! &#8220;[\/vc_column_text][\/vc_column][vc_column width=&#8221;1\/2&#8243;][vc_empty_space][vc_single_image image=&#8221;1371&#8243; img_size=&#8221;full&#8221;][\/vc_column][\/vc_row][vc_row row_type=&#8221;row&#8221; text_align=&#8221;left&#8221; css_animation=&#8221;&#8221;][vc_column][vc_empty_space height=&#8221;60px&#8221;][vc_column_text]\n<h2 style=\"text-align: center;\">Cat\u00e9gorie Photo Unique<\/h2>\n[\/vc_column_text][vc_empty_space height=&#8221;36px&#8221;][\/vc_column][\/vc_row][vc_row row_type=&#8221;row&#8221; text_align=&#8221;left&#8221; css_animation=&#8221;&#8221;][vc_column width=&#8221;1\/3&#8243;][vc_column_text]\n<h3 style=\"text-align: center;\">1ere Place<\/h3>\n[\/vc_column_text][vc_empty_space height=&#8221;12px&#8221;][vc_single_image image=&#8221;1370&#8243; img_size=&#8221;&#8221;][vc_empty_space height=&#8221;12px&#8221;][vc_column_text]\n<p style=\"text-align: center;\"><strong>Le ciel nocture du Tassili\u00a0 &#8211; Astrophotographie<\/strong><\/p>\n[\/vc_column_text][vc_empty_space height=&#8221;12px&#8221;][vc_column_text]\n<h4 style=\"text-align: center;\">Par Hichem Attallah.<\/h4>\n[\/vc_column_text][vc_empty_space height=&#8221;12px&#8221;][vc_column_text]Mon petit travail s&#8217;intitule les merveilles du desert algerien parce qu&#8217;il regroupe la beaut\u00e9 du<br \/>\ntassili n&#8217;ajjer et le tassili ahaggar dans tout ses etats .<br \/>\nCe projet est loin d&#8217;etre achev\u00e9 pusiqu&#8217;il regroupera trois th\u00e9mes differents :<br \/>\n&#8211; Le ciel nocture du Tassili ( astrophotographie )<br \/>\n-Les paysages du tassili ( paysage + nature )<br \/>\n-Le peuple du Tassili ( portrait + street )<br \/>\nChaque th\u00e9me comptera entre 10 et 20 photos &#8230;<br \/>\nLe but de ce projet est de valoriser le potentiel touristique du pays ( endroits a visiter et<br \/>\ncultures ) .[\/vc_column_text][\/vc_column][vc_column width=&#8221;1\/3&#8243;][vc_column_text]\n<h3 style=\"text-align: center;\">2eme Place<\/h3>\n[\/vc_column_text][vc_empty_space height=&#8221;12px&#8221;][vc_single_image image=&#8221;1372&#8243; img_size=&#8221;&#8221;][vc_empty_space height=&#8221;12px&#8221;][vc_column_text]\n<p style=\"text-align: center;\"><strong>Light painting.<\/strong><\/p>\n[\/vc_column_text][vc_empty_space height=&#8221;12px&#8221;][vc_column_text]\n<h4 style=\"text-align: center;\">Par Sabri Kahalerras.<\/h4>\n[\/vc_column_text][vc_empty_space height=&#8221;12px&#8221;][vc_column_text]Le Light Painting est une technique photographique consistant \u00e0 faire intervenir une ou plusieurs sources de lumi\u00e8re tenues \u00e0 la main (typiquement des lampes de poche ou autre lasers) dans une sc\u00e8ne photographi\u00e9e avec un temps de pose sup\u00e9rieur \u00e0 1 seconde.<\/p>\n<p>J\u2019adore la lumi\u00e8re \u2026. Et j\u2019aime bien faire des tableaux avec le light painting[\/vc_column_text][\/vc_column][vc_column width=&#8221;1\/3&#8243;][vc_column_text]\n<h3 style=\"text-align: center;\">3eme Place<\/h3>\n[\/vc_column_text][vc_empty_space height=&#8221;12px&#8221;][vc_single_image image=&#8221;1368&#8243; img_size=&#8221;&#8221; alignment=&#8221;center&#8221; onclick=&#8221;link_image&#8221;][vc_empty_space height=&#8221;12px&#8221;][vc_column_text]\n<p style=\"text-align: center;\"><strong>Merle noir&#8230;histoire d&#8217;un couple.<\/strong><\/p>\n[\/vc_column_text][vc_empty_space height=&#8221;12px&#8221;][vc_column_text]\n<h4 style=\"text-align: center;\">Par Belkacem Rahmani.<\/h4>\n[\/vc_column_text][vc_empty_space height=&#8221;12px&#8221;][vc_column_text]&#8221;Th\u00e8me \u00e0 vocation animali\u00e8re ; dans lequel je voudrais donner une br\u00e8ve pr\u00e9sentation \u00e9voquant la vie d\u2019un oiseau forestier s\u2019appelant le Merle noir (Turdus merula). &#8221;<br \/>\n&#8220;Le choix de ce th\u00e8me vient suite \u00e0 ma passion envers la nature g\u00e9n\u00e9ralement et les oiseaux particuli\u00e8rement. La pr\u00e9servation de notre \u00e9cosyst\u00e8me est primordiale pour notre bien \u00eatre et celui des \u00eatres vivants (animaux, v\u00e9g\u00e9taux\u2026), avec l\u2019accroissement des probl\u00e8mes qui atteignent l\u2019environnement o\u00f9 l\u2019Homme en est la premi\u00e8re cause&#8221;[\/vc_column_text][\/vc_column][\/vc_row][vc_row row_type=&#8221;row&#8221; text_align=&#8221;left&#8221; css_animation=&#8221;&#8221;][vc_column][vc_empty_space][\/vc_column][\/vc_row][vc_row row_type=&#8221;row&#8221; text_align=&#8221;left&#8221; css_animation=&#8221;&#8221;][vc_column][vc_column_text]\n<h4>Nous remercions tous les candidats ayant particip\u00e9 et les encourageons \u00e0 poursuivre leur travail dans ce domaine.<\/h4>\n[\/vc_column_text][vc_empty_space height=&#8221;24px&#8221;][vc_column_text]\n<h3><strong>F\u00e9licitations aux laur\u00e9ats !<\/strong><\/h3>\n[\/vc_column_text][vc_empty_space height=&#8221;36px&#8221;][\/vc_column][\/vc_row]\n<\/div>","protected":false},"excerpt":{"rendered":"<p>[vc_row row_type=&#8221;row&#8221; text_align=&#8221;left&#8221; css_animation=&#8221;&#8221;][vc_column][vc_empty_space height=&#8221;80px&#8221;][vc_column_text] Concours de Photographie AlgeriART [\/vc_column_text][vc_empty_space height=&#8221;36px&#8221;][vc_column_text] Laur\u00e9ats de l&#8217;\u00e9dition 2016 [\/vc_column_text][vc_empty_space height=&#8221;60px&#8221;][vc_column_text] Cat\u00e9gorie Photo Reportage [\/vc_column_text][vc_empty_space height=&#8221;64px&#8221;][\/vc_column][\/vc_row][vc_row row_type=&#8221;row&#8221; text_align=&#8221;left&#8221; css_animation=&#8221;&#8221;][vc_column width=&#8221;1\/2&#8243;][vc_empty_space][vc_column_text] 1ere Place [\/vc_column_text][vc_empty_space height=&#8221;16px&#8221;][vc_column_text] Titre du Reportage : Le Dernier Luthier. [\/vc_column_text][vc_empty_space height=&#8221;16px&#8221;][vc_column_text] Par Hacene Chaib. [\/vc_column_text][vc_empty_space height=&#8221;16px&#8221;][vc_column_text]Au nom&#8230;<\/p>\n","protected":false},"author":2,"featured_media":0,"parent":1190,"menu_order":20,"comment_status":"closed","ping_status":"closed","template":"","meta":{"nf_dc_page":"","footnotes":""},"class_list":["post-726","page","type-page","status-publish","hentry"],"_links":{"self":[{"href":"https:\/\/algeriart.com\/fr\/wp-json\/wp\/v2\/pages\/726","targetHints":{"allow":["GET"]}}],"collection":[{"href":"https:\/\/algeriart.com\/fr\/wp-json\/wp\/v2\/pages"}],"about":[{"href":"https:\/\/algeriart.com\/fr\/wp-json\/wp\/v2\/types\/page"}],"author":[{"embeddable":true,"href":"https:\/\/algeriart.com\/fr\/wp-json\/wp\/v2\/users\/2"}],"replies":[{"embeddable":true,"href":"https:\/\/algeriart.com\/fr\/wp-json\/wp\/v2\/comments?post=726"}],"version-history":[{"count":0,"href":"https:\/\/algeriart.com\/fr\/wp-json\/wp\/v2\/pages\/726\/revisions"}],"up":[{"embeddable":true,"href":"https:\/\/algeriart.com\/fr\/wp-json\/wp\/v2\/pages\/1190"}],"wp:attachment":[{"href":"https:\/\/algeriart.com\/fr\/wp-json\/wp\/v2\/media?parent=726"}],"curies":[{"name":"wp","href":"https:\/\/api.w.org\/{rel}","templated":true}]}}